{"id":131496,"date":"2023-10-25T16:35:28","date_gmt":"2023-10-25T14:35:28","guid":{"rendered":"https:\/\/ecsa-chemicals.ch\/?page_id=131496"},"modified":"2025-05-12T09:27:29","modified_gmt":"2025-05-12T07:27:29","slug":"carlo-erba-reagents","status":"publish","type":"page","link":"https:\/\/ecsa-chemicals.ch\/de\/carlo-erba-reagents\/","title":{"rendered":"Carlo Erba Reagents"},"content":{"rendered":"\t\t<div data-elementor-type=\"wp-page\" data-elementor-id=\"131496\" class=\"elementor elementor-131496 elementor-131492\" data-elementor-post-type=\"page\">\n\t\t\t\t\t\t<section class=\"elementor-section elementor-top-section elementor-element elementor-element-90d34b7 elementor-section-full_width elementor-section-height-min-height elementor-section-height-default elementor-section-items-middle\" data-id=\"90d34b7\" data-element_type=\"section\">\n\t\t\t\t\t\t<div class=\"elementor-container elementor-column-gap-default\">\n\t\t\t\t\t<div class=\"elementor-column elementor-col-100 elementor-top-column elementor-element elementor-element-95f2604\" data-id=\"95f2604\" data-element_type=\"column\">\n\t\t\t<div class=\"elementor-widget-wrap elementor-element-populated\">\n\t\t\t\t\t\t<section class=\"elementor-section elementor-inner-section elementor-element elementor-element-ff4569f elementor-section-boxed elementor-section-height-default elementor-section-height-default\" data-id=\"ff4569f\" data-element_type=\"section\">\n\t\t\t\t\t\t<div class=\"elementor-container elementor-column-gap-no\">\n\t\t\t\t\t<div class=\"elementor-column elementor-col-100 elementor-inner-column elementor-element elementor-element-11af26f\" data-id=\"11af26f\" data-element_type=\"column\">\n\t\t\t<div class=\"elementor-widget-wrap elementor-element-populated\">\n\t\t\t\t\t\t<div class=\"elementor-element elementor-element-e1c0da1 elementor-widget elementor-widget-text-editor\" data-id=\"e1c0da1\" data-element_type=\"widget\" data-widget_type=\"text-editor.default\">\n\t\t\t\t<div class=\"elementor-widget-container\">\n\t\t\t\t\t\t\t<p><strong><a href=\"https:\/\/ecsa-chemicals.ch\/de\/\">ECSA Chemicals<\/a><\/strong> ist der offizielle Distributor von <strong><a href=\"https:\/\/laborreagenzien.ch\/de\/\">Carlo Erba-Reagenzien<\/a><\/strong> f\u00fcr die Schweiz.<\/p>\n<p>In unserem Sortiment haben wir \u00fcber 400 <a href=\"https:\/\/laborreagenzien.ch\/de\/\">Carlo Erba Reagenzien<\/a> mit sofortiger Verf\u00fcgbarkeit.<\/p>\n<p>Konsultieren Sie jetzt den <strong><a href=\"https:\/\/laborreagenzien.ch\/de\/katalog-carlo-erba-reagents\/\">Produktkatalog f\u00fcr Reagenzien von Carlo Erba<\/a><\/strong>, die <strong><a href=\"https:\/\/laborreagenzien.ch\/de\/analysezertifikate\/\">Analysezertifikate<\/a><\/strong> und <strong><a href=\"https:\/\/laborreagenzien.ch\/de\/produkte\/\">kaufen Sie Ihre Lieblingsprodukte direkt online<\/a><\/strong><\/p>\n\t\t\t\t\t\t<\/div>\n\t\t\t\t<\/div>\n\t\t\t\t<div class=\"elementor-element elementor-element-ff0f9e1 elementor-widget elementor-widget-spacer\" data-id=\"ff0f9e1\" data-element_type=\"widget\" data-widget_type=\"spacer.default\">\n\t\t\t\t<div class=\"elementor-widget-container\">\n\t\t\t\t\t<div class=\"elementor-spacer\">\n\t\t\t<div class=\"elementor-spacer-inner\"><\/div>\n\t\t<\/div>\n\t\t\t\t<\/div>\n\t\t\t\t<\/div>\n\t\t\t\t\t<\/div>\n\t\t<\/div>\n\t\t\t\t\t<\/div>\n\t\t<\/section>\n\t\t\t\t\t<\/div>\n\t\t<\/div>\n\t\t\t\t\t<\/div>\n\t\t<\/section>\n\t\t\t\t<section class=\"elementor-section elementor-top-section elementor-element elementor-element-fa1ad14 elementor-section-boxed elementor-section-height-default elementor-section-height-default\" data-id=\"fa1ad14\" data-element_type=\"section\">\n\t\t\t\t\t\t<div class=\"elementor-container elementor-column-gap-default\">\n\t\t\t\t\t<div class=\"elementor-column elementor-col-33 elementor-top-column elementor-element elementor-element-127e9ad\" data-id=\"127e9ad\" data-element_type=\"column\">\n\t\t\t<div class=\"elementor-widget-wrap elementor-element-populated\">\n\t\t\t\t\t\t<div class=\"elementor-element elementor-element-051d688 elementor-align-center elementor-widget elementor-widget-button\" data-id=\"051d688\" data-element_type=\"widget\" data-widget_type=\"button.default\">\n\t\t\t\t<div class=\"elementor-widget-container\">\n\t\t\t\t\t\t\t<div class=\"-wrapper\">\n\t\t\t\t\t<a class=\"btn btn-primary btn-sm  -link elementor-size-sm\" href=\"https:\/\/laborreagenzien.ch\/de\/katalog-carlo-erba-reagents\/\">\n\t\t\t\t\t\t<span class=\"-content-wrapper\">\n\t\t\t\t\t\t\t\t\t<span class=\"-text\">Carlo Erba-Katalog<\/span>\n\t\t\t\t\t<\/span>\n\t\t\t\t\t<\/a>\n\t\t\t\t<\/div>\n\t\t\t\t\t\t<\/div>\n\t\t\t\t<\/div>\n\t\t\t\t<div class=\"elementor-element elementor-element-ccdbb72 elementor-widget elementor-widget-spacer\" data-id=\"ccdbb72\" data-element_type=\"widget\" data-widget_type=\"spacer.default\">\n\t\t\t\t<div class=\"elementor-widget-container\">\n\t\t\t\t\t<div class=\"elementor-spacer\">\n\t\t\t<div class=\"elementor-spacer-inner\"><\/div>\n\t\t<\/div>\n\t\t\t\t<\/div>\n\t\t\t\t<\/div>\n\t\t\t\t\t<\/div>\n\t\t<\/div>\n\t\t\t\t<div class=\"elementor-column elementor-col-33 elementor-top-column elementor-element elementor-element-5c3183d\" data-id=\"5c3183d\" data-element_type=\"column\">\n\t\t\t<div class=\"elementor-widget-wrap elementor-element-populated\">\n\t\t\t\t\t\t<div class=\"elementor-element elementor-element-cfe4b12 elementor-align-center elementor-widget elementor-widget-button\" data-id=\"cfe4b12\" data-element_type=\"widget\" data-widget_type=\"button.default\">\n\t\t\t\t<div class=\"elementor-widget-container\">\n\t\t\t\t\t\t\t<div class=\"-wrapper\">\n\t\t\t\t\t<a class=\"btn btn-primary btn-sm  -link elementor-size-sm\" href=\"https:\/\/laborreagenzien.ch\/de\/analysezertifikate\/\">\n\t\t\t\t\t\t<span class=\"-content-wrapper\">\n\t\t\t\t\t\t\t\t\t<span class=\"-text\">Analysezertifikat<\/span>\n\t\t\t\t\t<\/span>\n\t\t\t\t\t<\/a>\n\t\t\t\t<\/div>\n\t\t\t\t\t\t<\/div>\n\t\t\t\t<\/div>\n\t\t\t\t<div class=\"elementor-element elementor-element-51f2a92 elementor-widget elementor-widget-spacer\" data-id=\"51f2a92\" data-element_type=\"widget\" data-widget_type=\"spacer.default\">\n\t\t\t\t<div class=\"elementor-widget-container\">\n\t\t\t\t\t<div class=\"elementor-spacer\">\n\t\t\t<div class=\"elementor-spacer-inner\"><\/div>\n\t\t<\/div>\n\t\t\t\t<\/div>\n\t\t\t\t<\/div>\n\t\t\t\t\t<\/div>\n\t\t<\/div>\n\t\t\t\t<div class=\"elementor-column elementor-col-33 elementor-top-column elementor-element elementor-element-334fa72\" data-id=\"334fa72\" data-element_type=\"column\">\n\t\t\t<div class=\"elementor-widget-wrap elementor-element-populated\">\n\t\t\t\t\t\t<div class=\"elementor-element elementor-element-e239f48 elementor-align-center elementor-widget elementor-widget-button\" data-id=\"e239f48\" data-element_type=\"widget\" data-widget_type=\"button.default\">\n\t\t\t\t<div class=\"elementor-widget-container\">\n\t\t\t\t\t\t\t<div class=\"-wrapper\">\n\t\t\t\t\t<a class=\"btn btn-primary btn-sm  -link elementor-size-sm\" href=\"https:\/\/laborreagenzien.ch\/de\/produkte\/\">\n\t\t\t\t\t\t<span class=\"-content-wrapper\">\n\t\t\t\t\t\t\t\t\t<span class=\"-text\">Produkte<\/span>\n\t\t\t\t\t<\/span>\n\t\t\t\t\t<\/a>\n\t\t\t\t<\/div>\n\t\t\t\t\t\t<\/div>\n\t\t\t\t<\/div>\n\t\t\t\t<div class=\"elementor-element elementor-element-f79a866 elementor-widget elementor-widget-spacer\" data-id=\"f79a866\" data-element_type=\"widget\" data-widget_type=\"spacer.default\">\n\t\t\t\t<div class=\"elementor-widget-container\">\n\t\t\t\t\t<div class=\"elementor-spacer\">\n\t\t\t<div class=\"elementor-spacer-inner\"><\/div>\n\t\t<\/div>\n\t\t\t\t<\/div>\n\t\t\t\t<\/div>\n\t\t\t\t\t<\/div>\n\t\t<\/div>\n\t\t\t\t\t<\/div>\n\t\t<\/section>\n\t\t\t\t<section class=\"elementor-section elementor-top-section elementor-element elementor-element-c568c15 elementor-section-boxed elementor-section-height-default elementor-section-height-default\" data-id=\"c568c15\" data-element_type=\"section\">\n\t\t\t\t\t\t<div class=\"elementor-container elementor-column-gap-default\">\n\t\t\t\t\t<div class=\"elementor-column elementor-col-100 elementor-top-column elementor-element elementor-element-51fe65f\" data-id=\"51fe65f\" data-element_type=\"column\">\n\t\t\t<div class=\"elementor-widget-wrap elementor-element-populated\">\n\t\t\t\t\t\t<div class=\"elementor-element elementor-element-4f83ba5 elementor-widget elementor-widget-spacer\" data-id=\"4f83ba5\" data-element_type=\"widget\" data-widget_type=\"spacer.default\">\n\t\t\t\t<div class=\"elementor-widget-container\">\n\t\t\t\t\t<div class=\"elementor-spacer\">\n\t\t\t<div class=\"elementor-spacer-inner\"><\/div>\n\t\t<\/div>\n\t\t\t\t<\/div>\n\t\t\t\t<\/div>\n\t\t\t\t<div class=\"elementor-element elementor-element-e146c6b elementor-widget elementor-widget-text-editor\" data-id=\"e146c6b\" data-element_type=\"widget\" data-widget_type=\"text-editor.default\">\n\t\t\t\t<div class=\"elementor-widget-container\">\n\t\t\t\t\t\t\t<div id=\"gspb_image-id-gsbp-2f6e94db-1ca4\" class=\"gspb_image gspb_image-id-gsbp-2f6e94db-1ca4 wp-block-greenshift-blocks-image\"><a href=\"https:\/\/laborreagenzien.ch\/de\"><img decoding=\"async\" class=\"aligncenter\" src=\"https:\/\/laborreagenzien.ch\/wp-content\/uploads\/2023\/07\/logo.svg\" alt=\"\" data-src=\"\" \/><\/a><\/div>\n<h4><\/h4>\n<p style=\"text-align: center;\"><strong>Seit \u00fcber 110 Jahren steht ECSA Chemicals \u2013 Reagents f\u00fcr herausragende Leistungen bei der Bereitstellung zuverl\u00e4ssiger und innovativer chemischer L\u00f6sungen.<\/strong><\/p>\n<p style=\"text-align: center;\">Unser Engagement f\u00fcr Produktqualit\u00e4t und -sicherheit hat uns zu einem der Hauptlieferanten im Chemiesektor von Carlo Erba Reagents und einem autorisierten Wiederverk\u00e4ufer in der Schweiz gemacht.<br \/>\nKaufen Sie Carlo Erba Laborreagenzien direkt online und profitieren Sie von den besten Preisen mit sofortigem Versand in die ganze Schweiz.<\/p>\n<div id=\"gspb_heading-id-gsbp-98905dbb-3d33\" class=\"gspb_heading gspb_heading-id-gsbp-98905dbb-3d33 \" style=\"text-align: center;\"><\/div>\n\t\t\t\t\t\t<\/div>\n\t\t\t\t<\/div>\n\t\t\t\t<div class=\"elementor-element elementor-element-9e326dd elementor-widget elementor-widget-spacer\" data-id=\"9e326dd\" data-element_type=\"widget\" data-widget_type=\"spacer.default\">\n\t\t\t\t<div class=\"elementor-widget-container\">\n\t\t\t\t\t<div class=\"elementor-spacer\">\n\t\t\t<div class=\"elementor-spacer-inner\"><\/div>\n\t\t<\/div>\n\t\t\t\t<\/div>\n\t\t\t\t<\/div>\n\t\t\t\t<div class=\"elementor-element elementor-element-3c630f6 elementor-align-center elementor-widget elementor-widget-button\" data-id=\"3c630f6\" data-element_type=\"widget\" data-widget_type=\"button.default\">\n\t\t\t\t<div class=\"elementor-widget-container\">\n\t\t\t\t\t\t\t<div class=\"-wrapper\">\n\t\t\t\t\t<a class=\"btn btn-primary btn-sm  -link elementor-size-sm\" href=\"https:\/\/laborreagenzien.ch\/de\/produkte\/\">\n\t\t\t\t\t\t<span class=\"-content-wrapper\">\n\t\t\t\t\t\t\t\t\t<span class=\"-text\">Gehen Sie zu den Produkten<\/span>\n\t\t\t\t\t<\/span>\n\t\t\t\t\t<\/a>\n\t\t\t\t<\/div>\n\t\t\t\t\t\t<\/div>\n\t\t\t\t<\/div>\n\t\t\t\t\t<\/div>\n\t\t<\/div>\n\t\t\t\t\t<\/div>\n\t\t<\/section>\n\t\t\t\t<\/div>\n\t\t","protected":false},"excerpt":{"rendered":"ECSA Chemicals ist der offizielle Distributor von Carlo Erba-Reagenzien f\u00fcr die Schweiz. In unserem Sortiment haben wir","protected":false},"author":20,"featured_media":131652,"parent":0,"menu_order":1,"comment_status":"closed","ping_status":"closed","template":"","meta":{"_acf_changed":false,"footnotes":""},"class_list":["post-131496","page","type-page","status-publish","has-post-thumbnail","hentry"],"acf":[],"yoast_head":"<!-- This site is optimized with the Yoast SEO Premium plugin v25.3.1 (Yoast SEO v25.3.1) - https:\/\/yoast.com\/wordpress\/plugins\/seo\/ -->\n<title>Carlo Erba Reagents Distributor in der Schweiz | ECSA Chemicals<\/title>\n<meta name=\"description\" content=\"Carlo Erba Reagents \u2013 Produkte, Kataloge und Analysezertifikate\" \/>\n<meta name=\"robots\" content=\"index, follow, max-snippet:-1, max-image-preview:large, max-video-preview:-1\" \/>\n<link rel=\"canonical\" href=\"https:\/\/ecsa-chemicals.ch\/de\/carlo-erba-reagents\/\" \/>\n<meta property=\"og:locale\" content=\"de_DE\" \/>\n<meta property=\"og:type\" content=\"article\" \/>\n<meta property=\"og:title\" content=\"Carlo Erba Reagents\" \/>\n<meta property=\"og:description\" content=\"Carlo Erba Reagents \u2013 Produkte, Kataloge und Analysezertifikate\" \/>\n<meta property=\"og:url\" content=\"https:\/\/ecsa-chemicals.ch\/de\/carlo-erba-reagents\/\" \/>\n<meta property=\"og:site_name\" content=\"ECSA Chemicals\" \/>\n<meta property=\"article:modified_time\" content=\"2025-05-12T07:27:29+00:00\" \/>\n<meta property=\"og:image\" content=\"https:\/\/ecsa-chemicals.ch\/wp-content\/uploads\/2023\/10\/Hero-article-1920x1080-58-1.png\" \/>\n\t<meta property=\"og:image:width\" content=\"1920\" \/>\n\t<meta property=\"og:image:height\" content=\"1080\" \/>\n\t<meta property=\"og:image:type\" content=\"image\/png\" \/>\n<meta name=\"twitter:card\" content=\"summary_large_image\" \/>\n<meta name=\"twitter:label1\" content=\"Gesch\u00e4tzte Lesezeit\" \/>\n\t<meta name=\"twitter:data1\" content=\"1 Minute\" \/>\n<script type=\"application\/ld+json\" class=\"yoast-schema-graph\">{\"@context\":\"https:\/\/schema.org\",\"@graph\":[{\"@type\":\"WebPage\",\"@id\":\"https:\/\/ecsa-chemicals.ch\/de\/carlo-erba-reagents\/\",\"url\":\"https:\/\/ecsa-chemicals.ch\/de\/carlo-erba-reagents\/\",\"name\":\"Carlo Erba Reagents Distributor in der Schweiz | ECSA Chemicals\",\"isPartOf\":{\"@id\":\"https:\/\/ecsa-chemicals.ch\/de\/#website\"},\"primaryImageOfPage\":{\"@id\":\"https:\/\/ecsa-chemicals.ch\/de\/carlo-erba-reagents\/#primaryimage\"},\"image\":{\"@id\":\"https:\/\/ecsa-chemicals.ch\/de\/carlo-erba-reagents\/#primaryimage\"},\"thumbnailUrl\":\"https:\/\/esycif8nzka.exactdn.com\/wp-content\/uploads\/2023\/10\/Hero-article-1920x1080-58-1.png?strip=all&lossy=1&ssl=1\",\"datePublished\":\"2023-10-25T14:35:28+00:00\",\"dateModified\":\"2025-05-12T07:27:29+00:00\",\"description\":\"Carlo Erba Reagents \u2013 Produkte, Kataloge und Analysezertifikate\",\"breadcrumb\":{\"@id\":\"https:\/\/ecsa-chemicals.ch\/de\/carlo-erba-reagents\/#breadcrumb\"},\"inLanguage\":\"de-DE\",\"potentialAction\":[{\"@type\":\"ReadAction\",\"target\":[\"https:\/\/ecsa-chemicals.ch\/de\/carlo-erba-reagents\/\"]}]},{\"@type\":\"ImageObject\",\"inLanguage\":\"de-DE\",\"@id\":\"https:\/\/ecsa-chemicals.ch\/de\/carlo-erba-reagents\/#primaryimage\",\"url\":\"https:\/\/esycif8nzka.exactdn.com\/wp-content\/uploads\/2023\/10\/Hero-article-1920x1080-58-1.png?strip=all&lossy=1&ssl=1\",\"contentUrl\":\"https:\/\/esycif8nzka.exactdn.com\/wp-content\/uploads\/2023\/10\/Hero-article-1920x1080-58-1.png?strip=all&lossy=1&ssl=1\",\"width\":1920,\"height\":1080},{\"@type\":\"BreadcrumbList\",\"@id\":\"https:\/\/ecsa-chemicals.ch\/de\/carlo-erba-reagents\/#breadcrumb\",\"itemListElement\":[{\"@type\":\"ListItem\",\"position\":1,\"name\":\"Home\",\"item\":\"https:\/\/ecsa-chemicals.ch\/de\/\"},{\"@type\":\"ListItem\",\"position\":2,\"name\":\"Carlo Erba Reagents\"}]},{\"@type\":\"WebSite\",\"@id\":\"https:\/\/ecsa-chemicals.ch\/de\/#website\",\"url\":\"https:\/\/ecsa-chemicals.ch\/de\/\",\"name\":\"ECSA Chemicals\",\"description\":\"ECSA Chemicals\",\"publisher\":{\"@id\":\"https:\/\/ecsa-chemicals.ch\/de\/#organization\"},\"potentialAction\":[{\"@type\":\"SearchAction\",\"target\":{\"@type\":\"EntryPoint\",\"urlTemplate\":\"https:\/\/ecsa-chemicals.ch\/de\/?s={search_term_string}\"},\"query-input\":{\"@type\":\"PropertyValueSpecification\",\"valueRequired\":true,\"valueName\":\"search_term_string\"}}],\"inLanguage\":\"de-DE\"},{\"@type\":\"Organization\",\"@id\":\"https:\/\/ecsa-chemicals.ch\/de\/#organization\",\"name\":\"ECSA Chemicals\",\"url\":\"https:\/\/ecsa-chemicals.ch\/de\/\",\"logo\":{\"@type\":\"ImageObject\",\"inLanguage\":\"de-DE\",\"@id\":\"https:\/\/ecsa-chemicals.ch\/de\/#\/schema\/logo\/image\/\",\"url\":\"https:\/\/esycif8nzka.exactdn.com\/wp-content\/uploads\/2025\/02\/ecsa-chemicals-logo.jpg?strip=all&lossy=1&ssl=1\",\"contentUrl\":\"https:\/\/esycif8nzka.exactdn.com\/wp-content\/uploads\/2025\/02\/ecsa-chemicals-logo.jpg?strip=all&lossy=1&ssl=1\",\"width\":800,\"height\":800,\"caption\":\"ECSA Chemicals\"},\"image\":{\"@id\":\"https:\/\/ecsa-chemicals.ch\/de\/#\/schema\/logo\/image\/\"}}]}<\/script>\n<!-- \/ Yoast SEO Premium plugin. -->","yoast_head_json":{"title":"Carlo Erba Reagents Distributor in der Schweiz | ECSA Chemicals","description":"Carlo Erba Reagents \u2013 Produkte, Kataloge und Analysezertifikate","robots":{"index":"index","follow":"follow","max-snippet":"max-snippet:-1","max-image-preview":"max-image-preview:large","max-video-preview":"max-video-preview:-1"},"canonical":"https:\/\/ecsa-chemicals.ch\/de\/carlo-erba-reagents\/","og_locale":"de_DE","og_type":"article","og_title":"Carlo Erba Reagents","og_description":"Carlo Erba Reagents \u2013 Produkte, Kataloge und Analysezertifikate","og_url":"https:\/\/ecsa-chemicals.ch\/de\/carlo-erba-reagents\/","og_site_name":"ECSA Chemicals","article_modified_time":"2025-05-12T07:27:29+00:00","og_image":[{"width":1920,"height":1080,"url":"https:\/\/ecsa-chemicals.ch\/wp-content\/uploads\/2023\/10\/Hero-article-1920x1080-58-1.png","type":"image\/png"}],"twitter_card":"summary_large_image","twitter_misc":{"Gesch\u00e4tzte Lesezeit":"1 Minute"},"schema":{"@context":"https:\/\/schema.org","@graph":[{"@type":"WebPage","@id":"https:\/\/ecsa-chemicals.ch\/de\/carlo-erba-reagents\/","url":"https:\/\/ecsa-chemicals.ch\/de\/carlo-erba-reagents\/","name":"Carlo Erba Reagents Distributor in der Schweiz | ECSA Chemicals","isPartOf":{"@id":"https:\/\/ecsa-chemicals.ch\/de\/#website"},"primaryImageOfPage":{"@id":"https:\/\/ecsa-chemicals.ch\/de\/carlo-erba-reagents\/#primaryimage"},"image":{"@id":"https:\/\/ecsa-chemicals.ch\/de\/carlo-erba-reagents\/#primaryimage"},"thumbnailUrl":"https:\/\/esycif8nzka.exactdn.com\/wp-content\/uploads\/2023\/10\/Hero-article-1920x1080-58-1.png?strip=all&lossy=1&ssl=1","datePublished":"2023-10-25T14:35:28+00:00","dateModified":"2025-05-12T07:27:29+00:00","description":"Carlo Erba Reagents \u2013 Produkte, Kataloge und Analysezertifikate","breadcrumb":{"@id":"https:\/\/ecsa-chemicals.ch\/de\/carlo-erba-reagents\/#breadcrumb"},"inLanguage":"de-DE","potentialAction":[{"@type":"ReadAction","target":["https:\/\/ecsa-chemicals.ch\/de\/carlo-erba-reagents\/"]}]},{"@type":"ImageObject","inLanguage":"de-DE","@id":"https:\/\/ecsa-chemicals.ch\/de\/carlo-erba-reagents\/#primaryimage","url":"https:\/\/esycif8nzka.exactdn.com\/wp-content\/uploads\/2023\/10\/Hero-article-1920x1080-58-1.png?strip=all&lossy=1&ssl=1","contentUrl":"https:\/\/esycif8nzka.exactdn.com\/wp-content\/uploads\/2023\/10\/Hero-article-1920x1080-58-1.png?strip=all&lossy=1&ssl=1","width":1920,"height":1080},{"@type":"BreadcrumbList","@id":"https:\/\/ecsa-chemicals.ch\/de\/carlo-erba-reagents\/#breadcrumb","itemListElement":[{"@type":"ListItem","position":1,"name":"Home","item":"https:\/\/ecsa-chemicals.ch\/de\/"},{"@type":"ListItem","position":2,"name":"Carlo Erba Reagents"}]},{"@type":"WebSite","@id":"https:\/\/ecsa-chemicals.ch\/de\/#website","url":"https:\/\/ecsa-chemicals.ch\/de\/","name":"ECSA Chemicals","description":"ECSA Chemicals","publisher":{"@id":"https:\/\/ecsa-chemicals.ch\/de\/#organization"},"potentialAction":[{"@type":"SearchAction","target":{"@type":"EntryPoint","urlTemplate":"https:\/\/ecsa-chemicals.ch\/de\/?s={search_term_string}"},"query-input":{"@type":"PropertyValueSpecification","valueRequired":true,"valueName":"search_term_string"}}],"inLanguage":"de-DE"},{"@type":"Organization","@id":"https:\/\/ecsa-chemicals.ch\/de\/#organization","name":"ECSA Chemicals","url":"https:\/\/ecsa-chemicals.ch\/de\/","logo":{"@type":"ImageObject","inLanguage":"de-DE","@id":"https:\/\/ecsa-chemicals.ch\/de\/#\/schema\/logo\/image\/","url":"https:\/\/esycif8nzka.exactdn.com\/wp-content\/uploads\/2025\/02\/ecsa-chemicals-logo.jpg?strip=all&lossy=1&ssl=1","contentUrl":"https:\/\/esycif8nzka.exactdn.com\/wp-content\/uploads\/2025\/02\/ecsa-chemicals-logo.jpg?strip=all&lossy=1&ssl=1","width":800,"height":800,"caption":"ECSA Chemicals"},"image":{"@id":"https:\/\/ecsa-chemicals.ch\/de\/#\/schema\/logo\/image\/"}}]}},"_links":{"self":[{"href":"https:\/\/ecsa-chemicals.ch\/de\/wp-json\/wp\/v2\/pages\/131496","targetHints":{"allow":["GET"]}}],"collection":[{"href":"https:\/\/ecsa-chemicals.ch\/de\/wp-json\/wp\/v2\/pages"}],"about":[{"href":"https:\/\/ecsa-chemicals.ch\/de\/wp-json\/wp\/v2\/types\/page"}],"author":[{"embeddable":true,"href":"https:\/\/ecsa-chemicals.ch\/de\/wp-json\/wp\/v2\/users\/20"}],"replies":[{"embeddable":true,"href":"https:\/\/ecsa-chemicals.ch\/de\/wp-json\/wp\/v2\/comments?post=131496"}],"version-history":[{"count":0,"href":"https:\/\/ecsa-chemicals.ch\/de\/wp-json\/wp\/v2\/pages\/131496\/revisions"}],"wp:featuredmedia":[{"embeddable":true,"href":"https:\/\/ecsa-chemicals.ch\/de\/wp-json\/wp\/v2\/media\/131652"}],"wp:attachment":[{"href":"https:\/\/ecsa-chemicals.ch\/de\/wp-json\/wp\/v2\/media?parent=131496"}],"curies":[{"name":"wp","href":"https:\/\/api.w.org\/{rel}","templated":true}]}}