{"id":170591,"date":"2025-09-22T16:39:44","date_gmt":"2025-09-22T14:39:44","guid":{"rendered":"https:\/\/ecsa-chemicals.ch\/?page_id=170591"},"modified":"2025-09-22T16:59:28","modified_gmt":"2025-09-22T14:59:28","slug":"faq-haeufig-gestellte-fragen","status":"publish","type":"page","link":"https:\/\/ecsa-chemicals.ch\/de\/faq-haeufig-gestellte-fragen\/","title":{"rendered":"H\u00e4ufig gestellte Fragen"},"content":{"rendered":"\t\t<div data-elementor-type=\"wp-page\" data-elementor-id=\"170591\" class=\"elementor elementor-170591 elementor-170590\" data-elementor-post-type=\"page\">\n\t\t\t\t\t\t<section class=\"elementor-section elementor-top-section elementor-element elementor-element-603e5fb elementor-section-boxed elementor-section-height-default elementor-section-height-default\" data-id=\"603e5fb\" data-element_type=\"section\">\n\t\t\t\t\t\t<div class=\"elementor-container elementor-column-gap-default\">\n\t\t\t\t\t<div class=\"elementor-column elementor-col-100 elementor-top-column elementor-element elementor-element-c18977d\" data-id=\"c18977d\" data-element_type=\"column\">\n\t\t\t<div class=\"elementor-widget-wrap elementor-element-populated\">\n\t\t\t\t\t\t<section class=\"elementor-section elementor-inner-section elementor-element elementor-element-8ac11f4 elementor-section-boxed elementor-section-height-default elementor-section-height-default\" data-id=\"8ac11f4\" data-element_type=\"section\">\n\t\t\t\t\t\t<div class=\"elementor-container elementor-column-gap-default\">\n\t\t\t\t\t<div class=\"elementor-column elementor-col-100 elementor-inner-column elementor-element elementor-element-3597adb\" data-id=\"3597adb\" data-element_type=\"column\">\n\t\t\t<div class=\"elementor-widget-wrap elementor-element-populated\">\n\t\t\t\t\t\t<div class=\"elementor-element elementor-element-dbc1d00 elementor-widget elementor-widget-spacer\" data-id=\"dbc1d00\" data-element_type=\"widget\" data-widget_type=\"spacer.default\">\n\t\t\t\t<div class=\"elementor-widget-container\">\n\t\t\t\t\t<div class=\"elementor-spacer\">\n\t\t\t<div class=\"elementor-spacer-inner\"><\/div>\n\t\t<\/div>\n\t\t\t\t<\/div>\n\t\t\t\t<\/div>\n\t\t\t\t<div class=\"elementor-element elementor-element-d99a9e5 faq elementor-widget elementor-widget-accordion\" data-id=\"d99a9e5\" data-element_type=\"widget\" data-widget_type=\"accordion.default\">\n\t\t\t\t<div class=\"elementor-widget-container\">\n\t\t\t\t\t<div class=\"elementor-accordion\">\n\t\t\t\t\t\t\t<div class=\"elementor-accordion-item\">\n\t\t\t\t\t<h2 id=\"elementor-tab-title-2281\" class=\"elementor-tab-title\" data-tab=\"1\" role=\"button\" aria-controls=\"elementor-tab-content-2281\" aria-expanded=\"false\">\n\t\t\t\t\t\t\t\t\t\t\t\t\t<span class=\"elementor-accordion-icon elementor-accordion-icon-right\" aria-hidden=\"true\">\n\t\t\t\t\t\t\t\t\t\t\t\t\t\t\t<span class=\"elementor-accordion-icon-closed\"><i class=\"icon icon-open\"><\/i><\/span>\n\t\t\t\t\t\t\t\t<span class=\"elementor-accordion-icon-opened\"><i class=\"icon icon-close\"><\/i><\/span>\n\t\t\t\t\t\t\t\t\t\t\t\t\t\t<\/span>\n\t\t\t\t\t\t\t\t\t\t\t\t<a class=\"elementor-accordion-title\" tabindex=\"0\">Wo finde ich die \u201eGeneral Shelf Life\u201c [Anm.d.\u00dc. Allgemeine Haltbarkeitsdauer] des Produkts?<\/a>\n\t\t\t\t\t<\/h2>\n\t\t\t\t\t<div id=\"elementor-tab-content-2281\" class=\"elementor-tab-content elementor-clearfix\" data-tab=\"1\" role=\"region\" aria-labelledby=\"elementor-tab-title-2281\"><p>Die Allgemeine Haltbarkeit steht im CoA [Anm.d.\u00dc. Certificate of Analysis &#8211; Analysenzertifikat], die zusammen mit der Best\u00e4tigung der vom Kunden durchgef\u00fchrten Produktbestellung vorgelegt wird.<\/p>\n<\/div>\n\t\t\t\t<\/div>\n\t\t\t\t\t\t\t<div class=\"elementor-accordion-item\">\n\t\t\t\t\t<h2 id=\"elementor-tab-title-2282\" class=\"elementor-tab-title\" data-tab=\"2\" role=\"button\" aria-controls=\"elementor-tab-content-2282\" aria-expanded=\"false\">\n\t\t\t\t\t\t\t\t\t\t\t\t\t<span class=\"elementor-accordion-icon elementor-accordion-icon-right\" aria-hidden=\"true\">\n\t\t\t\t\t\t\t\t\t\t\t\t\t\t\t<span class=\"elementor-accordion-icon-closed\"><i class=\"icon icon-open\"><\/i><\/span>\n\t\t\t\t\t\t\t\t<span class=\"elementor-accordion-icon-opened\"><i class=\"icon icon-close\"><\/i><\/span>\n\t\t\t\t\t\t\t\t\t\t\t\t\t\t<\/span>\n\t\t\t\t\t\t\t\t\t\t\t\t<a class=\"elementor-accordion-title\" tabindex=\"0\">Gibt es eine Preisliste?<\/a>\n\t\t\t\t\t<\/h2>\n\t\t\t\t\t<div id=\"elementor-tab-content-2282\" class=\"elementor-tab-content elementor-clearfix\" data-tab=\"2\" role=\"region\" aria-labelledby=\"elementor-tab-title-2282\"><p>Um aktuelle und detaillierte Informationen zu einem Produkt und den erforderlichen Mengen zu erhalten, kontaktieren Sie uns bitte \u00fcber das Formular. Geben Sie darin den Bereich und das gew\u00fcnschte Produkt an oder besuchen Sie unseren Produktbereich, indem Sie die Produktbereiche durchsuchen oder den Namen des Artikels direkt in die Suchmaske eingeben.<\/p>\n<\/div>\n\t\t\t\t<\/div>\n\t\t\t\t\t\t\t<div class=\"elementor-accordion-item\">\n\t\t\t\t\t<h2 id=\"elementor-tab-title-2283\" class=\"elementor-tab-title\" data-tab=\"3\" role=\"button\" aria-controls=\"elementor-tab-content-2283\" aria-expanded=\"false\">\n\t\t\t\t\t\t\t\t\t\t\t\t\t<span class=\"elementor-accordion-icon elementor-accordion-icon-right\" aria-hidden=\"true\">\n\t\t\t\t\t\t\t\t\t\t\t\t\t\t\t<span class=\"elementor-accordion-icon-closed\"><i class=\"icon icon-open\"><\/i><\/span>\n\t\t\t\t\t\t\t\t<span class=\"elementor-accordion-icon-opened\"><i class=\"icon icon-close\"><\/i><\/span>\n\t\t\t\t\t\t\t\t\t\t\t\t\t\t<\/span>\n\t\t\t\t\t\t\t\t\t\t\t\t<a class=\"elementor-accordion-title\" tabindex=\"0\">Ist es m\u00f6glich, ein Produktmuster zu erhalten?<\/a>\n\t\t\t\t\t<\/h2>\n\t\t\t\t\t<div id=\"elementor-tab-content-2283\" class=\"elementor-tab-content elementor-clearfix\" data-tab=\"3\" role=\"region\" aria-labelledby=\"elementor-tab-title-2283\"><p>Ja, Sie k\u00f6nnen ein Produktmuster anfordern. Wenden Sie sich hierzu einfach an Ihren H\u00e4ndler oder kontaktieren Sie uns \u00fcber unser Kontaktformular.<\/p>\n<\/div>\n\t\t\t\t<\/div>\n\t\t\t\t\t\t\t<div class=\"elementor-accordion-item\">\n\t\t\t\t\t<h2 id=\"elementor-tab-title-2284\" class=\"elementor-tab-title\" data-tab=\"4\" role=\"button\" aria-controls=\"elementor-tab-content-2284\" aria-expanded=\"false\">\n\t\t\t\t\t\t\t\t\t\t\t\t\t<span class=\"elementor-accordion-icon elementor-accordion-icon-right\" aria-hidden=\"true\">\n\t\t\t\t\t\t\t\t\t\t\t\t\t\t\t<span class=\"elementor-accordion-icon-closed\"><i class=\"icon icon-open\"><\/i><\/span>\n\t\t\t\t\t\t\t\t<span class=\"elementor-accordion-icon-opened\"><i class=\"icon icon-close\"><\/i><\/span>\n\t\t\t\t\t\t\t\t\t\t\t\t\t\t<\/span>\n\t\t\t\t\t\t\t\t\t\t\t\t<a class=\"elementor-accordion-title\" tabindex=\"0\">Welche Verpackungen haben Sie?<\/a>\n\t\t\t\t\t<\/h2>\n\t\t\t\t\t<div id=\"elementor-tab-content-2284\" class=\"elementor-tab-content elementor-clearfix\" data-tab=\"4\" role=\"region\" aria-labelledby=\"elementor-tab-title-2284\"><p>Die Produkte sind je nach Bedarf und Verf\u00fcgbarkeit in verschiedenen Verpackungen erh\u00e4ltlich.<\/p>\n<\/div>\n\t\t\t\t<\/div>\n\t\t\t\t\t\t\t<div class=\"elementor-accordion-item\">\n\t\t\t\t\t<h2 id=\"elementor-tab-title-2285\" class=\"elementor-tab-title\" data-tab=\"5\" role=\"button\" aria-controls=\"elementor-tab-content-2285\" aria-expanded=\"false\">\n\t\t\t\t\t\t\t\t\t\t\t\t\t<span class=\"elementor-accordion-icon elementor-accordion-icon-right\" aria-hidden=\"true\">\n\t\t\t\t\t\t\t\t\t\t\t\t\t\t\t<span class=\"elementor-accordion-icon-closed\"><i class=\"icon icon-open\"><\/i><\/span>\n\t\t\t\t\t\t\t\t<span class=\"elementor-accordion-icon-opened\"><i class=\"icon icon-close\"><\/i><\/span>\n\t\t\t\t\t\t\t\t\t\t\t\t\t\t<\/span>\n\t\t\t\t\t\t\t\t\t\t\t\t<a class=\"elementor-accordion-title\" tabindex=\"0\">In welchen L\u00e4ndern werden die Produkte vermarktet?<\/a>\n\t\t\t\t\t<\/h2>\n\t\t\t\t\t<div id=\"elementor-tab-content-2285\" class=\"elementor-tab-content elementor-clearfix\" data-tab=\"5\" role=\"region\" aria-labelledby=\"elementor-tab-title-2285\"><p>ECSA Chemicals ist mit einem kapillaren Vertriebsnetz in der gesamten Schweiz und in vielen Teilen Europas vertreten. Dar\u00fcber hinaus kann das Unternehmen Produkte je nach Bedarf und Verf\u00fcgbarkeit auch in au\u00dfereurop\u00e4ische L\u00e4nder vertreiben.<\/p>\n<\/div>\n\t\t\t\t<\/div>\n\t\t\t\t\t\t\t<div class=\"elementor-accordion-item\">\n\t\t\t\t\t<h2 id=\"elementor-tab-title-2286\" class=\"elementor-tab-title\" data-tab=\"6\" role=\"button\" aria-controls=\"elementor-tab-content-2286\" aria-expanded=\"false\">\n\t\t\t\t\t\t\t\t\t\t\t\t\t<span class=\"elementor-accordion-icon elementor-accordion-icon-right\" aria-hidden=\"true\">\n\t\t\t\t\t\t\t\t\t\t\t\t\t\t\t<span class=\"elementor-accordion-icon-closed\"><i class=\"icon icon-open\"><\/i><\/span>\n\t\t\t\t\t\t\t\t<span class=\"elementor-accordion-icon-opened\"><i class=\"icon icon-close\"><\/i><\/span>\n\t\t\t\t\t\t\t\t\t\t\t\t\t\t<\/span>\n\t\t\t\t\t\t\t\t\t\t\t\t<a class=\"elementor-accordion-title\" tabindex=\"0\">Wo finde ich den \u201eREACH-Status\u201d eines Produkts? <\/a>\n\t\t\t\t\t<\/h2>\n\t\t\t\t\t<div id=\"elementor-tab-content-2286\" class=\"elementor-tab-content elementor-clearfix\" data-tab=\"6\" role=\"region\" aria-labelledby=\"elementor-tab-title-2286\"><p><span class=\"TextRun SCXW8417047 BCX0\" lang=\"IT-CH\" xml:lang=\"IT-CH\" data-contrast=\"auto\"><span class=\"NormalTextRun SCXW8417047 BCX0\">Die Registrierungsnummer eines Produkts wird in der Regel auf dem MSDS [Anm.d.\u00dc. Material Safety Data Sheet &#8211; Sicherheitsdatenblatt] angegeben.<\/span><\/span><\/p>\n<\/div>\n\t\t\t\t<\/div>\n\t\t\t\t\t\t\t\t<\/div>\n\t\t\t\t<\/div>\n\t\t\t\t<\/div>\n\t\t\t\t\t<\/div>\n\t\t<\/div>\n\t\t\t\t\t<\/div>\n\t\t<\/section>\n\t\t\t\t\t<\/div>\n\t\t<\/div>\n\t\t\t\t\t<\/div>\n\t\t<\/section>\n\t\t\t\t<\/div>\n\t\t","protected":false},"excerpt":{"rendered":"Wo finde ich die \u201eGeneral Shelf Life\u201c [Anm.d.\u00dc. Allgemeine Haltbarkeitsdauer] des Produkts? Die Allgemeine","protected":false},"author":20,"featured_media":49977,"parent":0,"menu_order":1,"comment_status":"closed","ping_status":"closed","template":"","meta":{"_acf_changed":false,"footnotes":""},"class_list":["post-170591","page","type-page","status-publish","has-post-thumbnail","hentry"],"acf":[],"yoast_head":"<!-- This site is optimized with the Yoast SEO Premium plugin v25.3.1 (Yoast SEO v25.3.1) - https:\/\/yoast.com\/wordpress\/plugins\/seo\/ -->\n<title>Industrielle Chemieprodukte FAQ | ECSA Chemicals<\/title>\n<meta name=\"description\" content=\"Antworten auf Ihre Fragen zu Ecsa Chemicals \u2713 Haltbarkeit \u2713Vertriebsgebiete \u2713 Verpackung \u2713 REACH-Status \u25ba Jetzt lesen\" \/>\n<meta name=\"robots\" content=\"index, follow, max-snippet:-1, max-image-preview:large, max-video-preview:-1\" \/>\n<link rel=\"canonical\" href=\"https:\/\/ecsa-chemicals.ch\/de\/faq-haeufig-gestellte-fragen\/\" \/>\n<meta property=\"og:locale\" content=\"de_DE\" \/>\n<meta property=\"og:type\" content=\"article\" \/>\n<meta property=\"og:title\" content=\"H\u00e4ufig gestellte Fragen\" \/>\n<meta property=\"og:description\" content=\"Antworten auf Ihre Fragen zu Ecsa Chemicals \u2713 Haltbarkeit \u2713Vertriebsgebiete \u2713 Verpackung \u2713 REACH-Status \u25ba Jetzt lesen\" \/>\n<meta property=\"og:url\" content=\"https:\/\/ecsa-chemicals.ch\/de\/faq-haeufig-gestellte-fragen\/\" \/>\n<meta property=\"og:site_name\" content=\"ECSA Chemicals\" \/>\n<meta property=\"article:modified_time\" content=\"2025-09-22T14:59:28+00:00\" \/>\n<meta property=\"og:image\" content=\"https:\/\/ecsa-chemicals.ch\/wp-content\/uploads\/2020\/04\/Hero_09Faq.jpg\" \/>\n\t<meta property=\"og:image:width\" content=\"1920\" \/>\n\t<meta property=\"og:image:height\" content=\"900\" \/>\n\t<meta property=\"og:image:type\" content=\"image\/jpeg\" \/>\n<meta name=\"twitter:card\" content=\"summary_large_image\" \/>\n<meta name=\"twitter:label1\" content=\"Gesch\u00e4tzte Lesezeit\" \/>\n\t<meta name=\"twitter:data1\" content=\"2 Minuten\" \/>\n<script type=\"application\/ld+json\" class=\"yoast-schema-graph\">{\"@context\":\"https:\/\/schema.org\",\"@graph\":[{\"@type\":\"WebPage\",\"@id\":\"https:\/\/ecsa-chemicals.ch\/de\/faq-haeufig-gestellte-fragen\/\",\"url\":\"https:\/\/ecsa-chemicals.ch\/de\/faq-haeufig-gestellte-fragen\/\",\"name\":\"Industrielle Chemieprodukte FAQ | ECSA Chemicals\",\"isPartOf\":{\"@id\":\"https:\/\/ecsa-chemicals.ch\/de\/#website\"},\"primaryImageOfPage\":{\"@id\":\"https:\/\/ecsa-chemicals.ch\/de\/faq-haeufig-gestellte-fragen\/#primaryimage\"},\"image\":{\"@id\":\"https:\/\/ecsa-chemicals.ch\/de\/faq-haeufig-gestellte-fragen\/#primaryimage\"},\"thumbnailUrl\":\"https:\/\/esycif8nzka.exactdn.com\/wp-content\/uploads\/2020\/04\/Hero_09Faq.jpg?strip=all&lossy=1&ssl=1\",\"datePublished\":\"2025-09-22T14:39:44+00:00\",\"dateModified\":\"2025-09-22T14:59:28+00:00\",\"description\":\"Antworten auf Ihre Fragen zu Ecsa Chemicals \u2713 Haltbarkeit \u2713Vertriebsgebiete \u2713 Verpackung \u2713 REACH-Status \u25ba Jetzt lesen\",\"breadcrumb\":{\"@id\":\"https:\/\/ecsa-chemicals.ch\/de\/faq-haeufig-gestellte-fragen\/#breadcrumb\"},\"inLanguage\":\"de-DE\",\"potentialAction\":[{\"@type\":\"ReadAction\",\"target\":[\"https:\/\/ecsa-chemicals.ch\/de\/faq-haeufig-gestellte-fragen\/\"]}]},{\"@type\":\"ImageObject\",\"inLanguage\":\"de-DE\",\"@id\":\"https:\/\/ecsa-chemicals.ch\/de\/faq-haeufig-gestellte-fragen\/#primaryimage\",\"url\":\"https:\/\/esycif8nzka.exactdn.com\/wp-content\/uploads\/2020\/04\/Hero_09Faq.jpg?strip=all&lossy=1&ssl=1\",\"contentUrl\":\"https:\/\/esycif8nzka.exactdn.com\/wp-content\/uploads\/2020\/04\/Hero_09Faq.jpg?strip=all&lossy=1&ssl=1\",\"width\":1920,\"height\":900},{\"@type\":\"BreadcrumbList\",\"@id\":\"https:\/\/ecsa-chemicals.ch\/de\/faq-haeufig-gestellte-fragen\/#breadcrumb\",\"itemListElement\":[{\"@type\":\"ListItem\",\"position\":1,\"name\":\"Home\",\"item\":\"https:\/\/ecsa-chemicals.ch\/de\/\"},{\"@type\":\"ListItem\",\"position\":2,\"name\":\"H\u00e4ufig gestellte Fragen\"}]},{\"@type\":\"WebSite\",\"@id\":\"https:\/\/ecsa-chemicals.ch\/de\/#website\",\"url\":\"https:\/\/ecsa-chemicals.ch\/de\/\",\"name\":\"ECSA Chemicals\",\"description\":\"ECSA Chemicals\",\"publisher\":{\"@id\":\"https:\/\/ecsa-chemicals.ch\/de\/#organization\"},\"potentialAction\":[{\"@type\":\"SearchAction\",\"target\":{\"@type\":\"EntryPoint\",\"urlTemplate\":\"https:\/\/ecsa-chemicals.ch\/de\/?s={search_term_string}\"},\"query-input\":{\"@type\":\"PropertyValueSpecification\",\"valueRequired\":true,\"valueName\":\"search_term_string\"}}],\"inLanguage\":\"de-DE\"},{\"@type\":\"Organization\",\"@id\":\"https:\/\/ecsa-chemicals.ch\/de\/#organization\",\"name\":\"ECSA Chemicals\",\"url\":\"https:\/\/ecsa-chemicals.ch\/de\/\",\"logo\":{\"@type\":\"ImageObject\",\"inLanguage\":\"de-DE\",\"@id\":\"https:\/\/ecsa-chemicals.ch\/de\/#\/schema\/logo\/image\/\",\"url\":\"https:\/\/esycif8nzka.exactdn.com\/wp-content\/uploads\/2025\/02\/ecsa-chemicals-logo.jpg?strip=all&lossy=1&ssl=1\",\"contentUrl\":\"https:\/\/esycif8nzka.exactdn.com\/wp-content\/uploads\/2025\/02\/ecsa-chemicals-logo.jpg?strip=all&lossy=1&ssl=1\",\"width\":800,\"height\":800,\"caption\":\"ECSA Chemicals\"},\"image\":{\"@id\":\"https:\/\/ecsa-chemicals.ch\/de\/#\/schema\/logo\/image\/\"}}]}<\/script>\n<!-- \/ Yoast SEO Premium plugin. -->","yoast_head_json":{"title":"Industrielle Chemieprodukte FAQ | ECSA Chemicals","description":"Antworten auf Ihre Fragen zu Ecsa Chemicals \u2713 Haltbarkeit \u2713Vertriebsgebiete \u2713 Verpackung \u2713 REACH-Status \u25ba Jetzt lesen","robots":{"index":"index","follow":"follow","max-snippet":"max-snippet:-1","max-image-preview":"max-image-preview:large","max-video-preview":"max-video-preview:-1"},"canonical":"https:\/\/ecsa-chemicals.ch\/de\/faq-haeufig-gestellte-fragen\/","og_locale":"de_DE","og_type":"article","og_title":"H\u00e4ufig gestellte Fragen","og_description":"Antworten auf Ihre Fragen zu Ecsa Chemicals \u2713 Haltbarkeit \u2713Vertriebsgebiete \u2713 Verpackung \u2713 REACH-Status \u25ba Jetzt lesen","og_url":"https:\/\/ecsa-chemicals.ch\/de\/faq-haeufig-gestellte-fragen\/","og_site_name":"ECSA Chemicals","article_modified_time":"2025-09-22T14:59:28+00:00","og_image":[{"width":1920,"height":900,"url":"https:\/\/ecsa-chemicals.ch\/wp-content\/uploads\/2020\/04\/Hero_09Faq.jpg","type":"image\/jpeg"}],"twitter_card":"summary_large_image","twitter_misc":{"Gesch\u00e4tzte Lesezeit":"2 Minuten"},"schema":{"@context":"https:\/\/schema.org","@graph":[{"@type":"WebPage","@id":"https:\/\/ecsa-chemicals.ch\/de\/faq-haeufig-gestellte-fragen\/","url":"https:\/\/ecsa-chemicals.ch\/de\/faq-haeufig-gestellte-fragen\/","name":"Industrielle Chemieprodukte FAQ | ECSA Chemicals","isPartOf":{"@id":"https:\/\/ecsa-chemicals.ch\/de\/#website"},"primaryImageOfPage":{"@id":"https:\/\/ecsa-chemicals.ch\/de\/faq-haeufig-gestellte-fragen\/#primaryimage"},"image":{"@id":"https:\/\/ecsa-chemicals.ch\/de\/faq-haeufig-gestellte-fragen\/#primaryimage"},"thumbnailUrl":"https:\/\/esycif8nzka.exactdn.com\/wp-content\/uploads\/2020\/04\/Hero_09Faq.jpg?strip=all&lossy=1&ssl=1","datePublished":"2025-09-22T14:39:44+00:00","dateModified":"2025-09-22T14:59:28+00:00","description":"Antworten auf Ihre Fragen zu Ecsa Chemicals \u2713 Haltbarkeit \u2713Vertriebsgebiete \u2713 Verpackung \u2713 REACH-Status \u25ba Jetzt lesen","breadcrumb":{"@id":"https:\/\/ecsa-chemicals.ch\/de\/faq-haeufig-gestellte-fragen\/#breadcrumb"},"inLanguage":"de-DE","potentialAction":[{"@type":"ReadAction","target":["https:\/\/ecsa-chemicals.ch\/de\/faq-haeufig-gestellte-fragen\/"]}]},{"@type":"ImageObject","inLanguage":"de-DE","@id":"https:\/\/ecsa-chemicals.ch\/de\/faq-haeufig-gestellte-fragen\/#primaryimage","url":"https:\/\/esycif8nzka.exactdn.com\/wp-content\/uploads\/2020\/04\/Hero_09Faq.jpg?strip=all&lossy=1&ssl=1","contentUrl":"https:\/\/esycif8nzka.exactdn.com\/wp-content\/uploads\/2020\/04\/Hero_09Faq.jpg?strip=all&lossy=1&ssl=1","width":1920,"height":900},{"@type":"BreadcrumbList","@id":"https:\/\/ecsa-chemicals.ch\/de\/faq-haeufig-gestellte-fragen\/#breadcrumb","itemListElement":[{"@type":"ListItem","position":1,"name":"Home","item":"https:\/\/ecsa-chemicals.ch\/de\/"},{"@type":"ListItem","position":2,"name":"H\u00e4ufig gestellte Fragen"}]},{"@type":"WebSite","@id":"https:\/\/ecsa-chemicals.ch\/de\/#website","url":"https:\/\/ecsa-chemicals.ch\/de\/","name":"ECSA Chemicals","description":"ECSA Chemicals","publisher":{"@id":"https:\/\/ecsa-chemicals.ch\/de\/#organization"},"potentialAction":[{"@type":"SearchAction","target":{"@type":"EntryPoint","urlTemplate":"https:\/\/ecsa-chemicals.ch\/de\/?s={search_term_string}"},"query-input":{"@type":"PropertyValueSpecification","valueRequired":true,"valueName":"search_term_string"}}],"inLanguage":"de-DE"},{"@type":"Organization","@id":"https:\/\/ecsa-chemicals.ch\/de\/#organization","name":"ECSA Chemicals","url":"https:\/\/ecsa-chemicals.ch\/de\/","logo":{"@type":"ImageObject","inLanguage":"de-DE","@id":"https:\/\/ecsa-chemicals.ch\/de\/#\/schema\/logo\/image\/","url":"https:\/\/esycif8nzka.exactdn.com\/wp-content\/uploads\/2025\/02\/ecsa-chemicals-logo.jpg?strip=all&lossy=1&ssl=1","contentUrl":"https:\/\/esycif8nzka.exactdn.com\/wp-content\/uploads\/2025\/02\/ecsa-chemicals-logo.jpg?strip=all&lossy=1&ssl=1","width":800,"height":800,"caption":"ECSA Chemicals"},"image":{"@id":"https:\/\/ecsa-chemicals.ch\/de\/#\/schema\/logo\/image\/"}}]}},"_links":{"self":[{"href":"https:\/\/ecsa-chemicals.ch\/de\/wp-json\/wp\/v2\/pages\/170591","targetHints":{"allow":["GET"]}}],"collection":[{"href":"https:\/\/ecsa-chemicals.ch\/de\/wp-json\/wp\/v2\/pages"}],"about":[{"href":"https:\/\/ecsa-chemicals.ch\/de\/wp-json\/wp\/v2\/types\/page"}],"author":[{"embeddable":true,"href":"https:\/\/ecsa-chemicals.ch\/de\/wp-json\/wp\/v2\/users\/20"}],"replies":[{"embeddable":true,"href":"https:\/\/ecsa-chemicals.ch\/de\/wp-json\/wp\/v2\/comments?post=170591"}],"version-history":[{"count":0,"href":"https:\/\/ecsa-chemicals.ch\/de\/wp-json\/wp\/v2\/pages\/170591\/revisions"}],"wp:featuredmedia":[{"embeddable":true,"href":"https:\/\/ecsa-chemicals.ch\/de\/wp-json\/wp\/v2\/media\/49977"}],"wp:attachment":[{"href":"https:\/\/ecsa-chemicals.ch\/de\/wp-json\/wp\/v2\/media?parent=170591"}],"curies":[{"name":"wp","href":"https:\/\/api.w.org\/{rel}","templated":true}]}}