{"id":61214,"date":"2020-07-06T11:53:39","date_gmt":"2020-07-06T09:53:39","guid":{"rendered":"https:\/\/ecsa-chemicals.ch\/ueber-uns\/infrastruktur-logistik-und-dienstleistungen\/"},"modified":"2020-12-01T15:55:19","modified_gmt":"2020-12-01T14:55:19","slug":"infrastruktur-logistik-und-dienstleistungen","status":"publish","type":"page","link":"https:\/\/ecsa-chemicals.ch\/de\/ueber-uns\/infrastruktur-logistik-und-dienstleistungen\/","title":{"rendered":"Infrastruktur, Logistik und Dienstleistungen"},"content":{"rendered":"\t\t<div data-elementor-type=\"wp-page\" data-elementor-id=\"61214\" class=\"elementor elementor-61214 elementor-8965\" data-elementor-post-type=\"page\">\n\t\t\t\t\t\t<section class=\"elementor-section elementor-top-section elementor-element elementor-element-a771062 elementor-section-full_width elementor-section-height-min-height elementor-section-height-default elementor-section-items-middle\" data-id=\"a771062\" data-element_type=\"section\">\n\t\t\t\t\t\t<div class=\"elementor-container elementor-column-gap-default\">\n\t\t\t\t\t<div class=\"elementor-column elementor-col-100 elementor-top-column elementor-element elementor-element-56ebfc9\" data-id=\"56ebfc9\" data-element_type=\"column\">\n\t\t\t<div class=\"elementor-widget-wrap elementor-element-populated\">\n\t\t\t\t\t\t<section class=\"elementor-section elementor-inner-section elementor-element elementor-element-f600020 elementor-section-boxed elementor-section-height-default elementor-section-height-default\" data-id=\"f600020\" data-element_type=\"section\">\n\t\t\t\t\t\t<div class=\"elementor-container elementor-column-gap-no\">\n\t\t\t\t\t<div class=\"elementor-column elementor-col-100 elementor-inner-column elementor-element elementor-element-8221964\" data-id=\"8221964\" data-element_type=\"column\">\n\t\t\t<div class=\"elementor-widget-wrap elementor-element-populated\">\n\t\t\t\t\t\t<div class=\"elementor-element elementor-element-08877af elementor-widget elementor-widget-text-editor\" data-id=\"08877af\" data-element_type=\"widget\" data-widget_type=\"text-editor.default\">\n\t\t\t\t<div class=\"elementor-widget-container\">\n\t\t\t\t\t\t\t<p>Drei Depots auf dem \u201eneusten Stand der Technik&#8220; auf der Nord-S\u00fcd-Achse (Flawil, Balerna und Desio-Italien) und eine eigene Logistikflotte erm\u00f6glichen es ECSA Chemicals einen kompletten und engmaschigen Service anzubieten.\nECSA Chemicals ist der ideale Partner f\u00fcr den Vertrieb von Chemikalien in der Schweiz und der Lombardei und f\u00fcr den Vertrieb von Spezialprodukten in Europa.\n<\/p><p>Die beiden Depots von Balerna und Flawil mit ihrem kompletten Sortiment erm\u00f6glichen es ECSA Chemicals, ihre Kunden mit S\u00e4uren, Basen, L\u00f6sungsmitteln und Spezialprodukten zu beliefern. Das Depot von Mailand-Desio dient als Umschlagplatz von Spezialprodukten f\u00fcr den europ\u00e4ischen Markt.\n<\/p><p>ECSA Chemicals bietet seinen Kunden einen l\u00fcckenlosen Service, von der Lieferung des Produkts bis zur Entsorgung des Sonderm\u00fclls.\n<\/p><p>Unsere Produktlieferkette, die sich im Laufe der Jahre entwickelt hat, hat es ECSA Chemicals erm\u00f6glicht, ein hohes Ma\u00df an Know-how zu erwerben und konsolidierte Beziehungen zu vertrauensw\u00fcrdigen Partnern aufzubauen, die ein H\u00f6chstma\u00df an Service und Qualit\u00e4t gew\u00e4hrleisten.\n<\/p><p>Schnelle Lieferung und Lagerkapazit\u00e4t sind zwei besondere Pluspunkte der ECSA.\n<\/p><p>Wir verf\u00fcgen \u00fcber einen Bestand von durchschnittlich 6.000 Tonnen Rohstoffen und eine Frachtumschlagskapazit\u00e4t von rund 21.000 Tonnen pro Jahr.<\/p>\t\t\t\t\t\t<\/div>\n\t\t\t\t<\/div>\n\t\t\t\t<div class=\"elementor-element elementor-element-682e11c elementor-widget elementor-widget-spacer\" data-id=\"682e11c\" data-element_type=\"widget\" data-widget_type=\"spacer.default\">\n\t\t\t\t<div class=\"elementor-widget-container\">\n\t\t\t\t\t<div class=\"elementor-spacer\">\n\t\t\t<div class=\"elementor-spacer-inner\"><\/div>\n\t\t<\/div>\n\t\t\t\t<\/div>\n\t\t\t\t<\/div>\n\t\t\t\t\t<\/div>\n\t\t<\/div>\n\t\t\t\t\t<\/div>\n\t\t<\/section>\n\t\t\t\t<section class=\"elementor-section elementor-inner-section elementor-element elementor-element-cf5ea95 elementor-section-boxed elementor-section-height-default elementor-section-height-default\" data-id=\"cf5ea95\" data-element_type=\"section\">\n\t\t\t\t\t\t<div class=\"elementor-container elementor-column-gap-no\">\n\t\t\t\t\t<div class=\"elementor-column elementor-col-33 elementor-inner-column elementor-element elementor-element-9362f06\" data-id=\"9362f06\" data-element_type=\"column\">\n\t\t\t<div class=\"elementor-widget-wrap elementor-element-populated\">\n\t\t\t\t\t\t<div class=\"elementor-element elementor-element-d301831 elementor-widget elementor-widget-image\" data-id=\"d301831\" data-element_type=\"widget\" data-widget_type=\"image.default\">\n\t\t\t\t<div class=\"elementor-widget-container\">\n\t\t\t\t\t\t\t\t\t\t\t\t\t<img fetchpriority=\"high\" decoding=\"async\" width=\"370\" height=\"236\" src=\"https:\/\/esycif8nzka.exactdn.com\/wp-content\/uploads\/2020\/05\/01_Infrastrutture-Logistica-e-Servizi_-1.jpg?strip=all&amp;lossy=1&amp;ssl=1\" class=\"attachment-medium size-medium wp-image-38935\" alt=\"\" srcset=\"https:\/\/esycif8nzka.exactdn.com\/wp-content\/uploads\/2020\/05\/01_Infrastrutture-Logistica-e-Servizi_-1.jpg?strip=all&amp;lossy=1&amp;ssl=1 370w, https:\/\/esycif8nzka.exactdn.com\/wp-content\/uploads\/2020\/05\/01_Infrastrutture-Logistica-e-Servizi_-1.jpg?strip=all&amp;lossy=1&amp;w=74&amp;ssl=1 74w, https:\/\/esycif8nzka.exactdn.com\/wp-content\/uploads\/2020\/05\/01_Infrastrutture-Logistica-e-Servizi_-1.jpg?strip=all&amp;lossy=1&amp;w=148&amp;ssl=1 148w, https:\/\/esycif8nzka.exactdn.com\/wp-content\/uploads\/2020\/05\/01_Infrastrutture-Logistica-e-Servizi_-1.jpg?strip=all&amp;lossy=1&amp;w=222&amp;ssl=1 222w, https:\/\/esycif8nzka.exactdn.com\/wp-content\/uploads\/2020\/05\/01_Infrastrutture-Logistica-e-Servizi_-1.jpg?strip=all&amp;lossy=1&amp;w=296&amp;ssl=1 296w\" sizes=\"(max-width: 370px) 100vw, 370px\" \/>\t\t\t\t\t\t\t\t\t\t\t\t\t<\/div>\n\t\t\t\t<\/div>\n\t\t\t\t\t<\/div>\n\t\t<\/div>\n\t\t\t\t<div class=\"elementor-column elementor-col-33 elementor-inner-column elementor-element elementor-element-1bcad0b\" data-id=\"1bcad0b\" data-element_type=\"column\">\n\t\t\t<div class=\"elementor-widget-wrap elementor-element-populated\">\n\t\t\t\t\t\t<div class=\"elementor-element elementor-element-8532289 elementor-widget elementor-widget-image\" data-id=\"8532289\" data-element_type=\"widget\" data-widget_type=\"image.default\">\n\t\t\t\t<div class=\"elementor-widget-container\">\n\t\t\t\t\t\t\t\t\t\t\t\t\t<img decoding=\"async\" width=\"370\" height=\"236\" src=\"https:\/\/esycif8nzka.exactdn.com\/wp-content\/uploads\/2020\/05\/02_Infrastrutture-Logistica-e-Servizi_-1.jpg?strip=all&amp;lossy=1&amp;ssl=1\" class=\"attachment-medium size-medium wp-image-38939\" alt=\"\" srcset=\"https:\/\/esycif8nzka.exactdn.com\/wp-content\/uploads\/2020\/05\/02_Infrastrutture-Logistica-e-Servizi_-1.jpg?strip=all&amp;lossy=1&amp;ssl=1 370w, https:\/\/esycif8nzka.exactdn.com\/wp-content\/uploads\/2020\/05\/02_Infrastrutture-Logistica-e-Servizi_-1.jpg?strip=all&amp;lossy=1&amp;w=74&amp;ssl=1 74w, https:\/\/esycif8nzka.exactdn.com\/wp-content\/uploads\/2020\/05\/02_Infrastrutture-Logistica-e-Servizi_-1.jpg?strip=all&amp;lossy=1&amp;w=148&amp;ssl=1 148w, https:\/\/esycif8nzka.exactdn.com\/wp-content\/uploads\/2020\/05\/02_Infrastrutture-Logistica-e-Servizi_-1.jpg?strip=all&amp;lossy=1&amp;w=222&amp;ssl=1 222w, https:\/\/esycif8nzka.exactdn.com\/wp-content\/uploads\/2020\/05\/02_Infrastrutture-Logistica-e-Servizi_-1.jpg?strip=all&amp;lossy=1&amp;w=296&amp;ssl=1 296w\" sizes=\"(max-width: 370px) 100vw, 370px\" \/>\t\t\t\t\t\t\t\t\t\t\t\t\t<\/div>\n\t\t\t\t<\/div>\n\t\t\t\t\t<\/div>\n\t\t<\/div>\n\t\t\t\t<div class=\"elementor-column elementor-col-33 elementor-inner-column elementor-element elementor-element-d3b6b29\" data-id=\"d3b6b29\" data-element_type=\"column\">\n\t\t\t<div class=\"elementor-widget-wrap elementor-element-populated\">\n\t\t\t\t\t\t<div class=\"elementor-element elementor-element-62e8606 elementor-widget elementor-widget-image\" data-id=\"62e8606\" data-element_type=\"widget\" data-widget_type=\"image.default\">\n\t\t\t\t<div class=\"elementor-widget-container\">\n\t\t\t\t\t\t\t\t\t\t\t\t\t<img decoding=\"async\" width=\"370\" height=\"236\" src=\"https:\/\/esycif8nzka.exactdn.com\/wp-content\/uploads\/2020\/05\/03_Infrastrutture-Logistica-e-Servizi_-1.jpg?strip=all&amp;lossy=1&amp;ssl=1\" class=\"attachment-medium size-medium wp-image-38943\" alt=\"\" srcset=\"https:\/\/esycif8nzka.exactdn.com\/wp-content\/uploads\/2020\/05\/03_Infrastrutture-Logistica-e-Servizi_-1.jpg?strip=all&amp;lossy=1&amp;ssl=1 370w, https:\/\/esycif8nzka.exactdn.com\/wp-content\/uploads\/2020\/05\/03_Infrastrutture-Logistica-e-Servizi_-1.jpg?strip=all&amp;lossy=1&amp;w=74&amp;ssl=1 74w, https:\/\/esycif8nzka.exactdn.com\/wp-content\/uploads\/2020\/05\/03_Infrastrutture-Logistica-e-Servizi_-1.jpg?strip=all&amp;lossy=1&amp;w=148&amp;ssl=1 148w, https:\/\/esycif8nzka.exactdn.com\/wp-content\/uploads\/2020\/05\/03_Infrastrutture-Logistica-e-Servizi_-1.jpg?strip=all&amp;lossy=1&amp;w=222&amp;ssl=1 222w, https:\/\/esycif8nzka.exactdn.com\/wp-content\/uploads\/2020\/05\/03_Infrastrutture-Logistica-e-Servizi_-1.jpg?strip=all&amp;lossy=1&amp;w=296&amp;ssl=1 296w\" sizes=\"(max-width: 370px) 100vw, 370px\" \/>\t\t\t\t\t\t\t\t\t\t\t\t\t<\/div>\n\t\t\t\t<\/div>\n\t\t\t\t\t<\/div>\n\t\t<\/div>\n\t\t\t\t\t<\/div>\n\t\t<\/section>\n\t\t\t\t\t<\/div>\n\t\t<\/div>\n\t\t\t\t\t<\/div>\n\t\t<\/section>\n\t\t\t\t<section class=\"elementor-section elementor-top-section elementor-element elementor-element-ab97143 elementor-section-full_width elementor-section-height-min-height elementor-section-height-default elementor-section-items-middle\" data-id=\"ab97143\" data-element_type=\"section\">\n\t\t\t\t\t\t<div class=\"elementor-container elementor-column-gap-default\">\n\t\t\t\t\t<div class=\"elementor-column elementor-col-100 elementor-top-column elementor-element elementor-element-7b685d3\" data-id=\"7b685d3\" data-element_type=\"column\">\n\t\t\t<div class=\"elementor-widget-wrap elementor-element-populated\">\n\t\t\t\t\t\t<section class=\"elementor-section elementor-inner-section elementor-element elementor-element-ece1047 elementor-section-boxed elementor-section-height-default elementor-section-height-default\" data-id=\"ece1047\" data-element_type=\"section\">\n\t\t\t\t\t\t<div class=\"elementor-container elementor-column-gap-no\">\n\t\t\t\t\t<div class=\"elementor-column elementor-col-100 elementor-inner-column elementor-element elementor-element-27f4a36\" data-id=\"27f4a36\" data-element_type=\"column\">\n\t\t\t<div class=\"elementor-widget-wrap elementor-element-populated\">\n\t\t\t\t\t\t<div class=\"elementor-element elementor-element-efb6975 elementor-widget elementor-widget-heading\" data-id=\"efb6975\" data-element_type=\"widget\" data-widget_type=\"heading.default\">\n\t\t\t\t<div class=\"elementor-widget-container\">\n\t\t\t<h2 class=\"elementor-heading-title elementor-size-default\">Probenahme-Service<\/h2>\t\t<\/div>\n\t\t\t\t<\/div>\n\t\t\t\t<div class=\"elementor-element elementor-element-abf6e4c elementor-widget elementor-widget-text-editor\" data-id=\"abf6e4c\" data-element_type=\"widget\" data-widget_type=\"text-editor.default\">\n\t\t\t\t<div class=\"elementor-widget-container\">\n\t\t\t\t\t\t\t<p>ECSA Chemicals bietet seinen Kunden einen Probenentnahme-Service f\u00fcr bestimmte Produkte, damit sie die Qualit\u00e4t und Eigenschaften vor dem Kauf pr\u00fcfen k\u00f6nnen.<\/p>\n<p>Die Musterprodukte werden mit ihrer jeweiligen Dokumentation und in Mengen geliefert, die individuell angepasst werden k\u00f6nnen.<\/p>\n\t\t\t\t\t\t<\/div>\n\t\t\t\t<\/div>\n\t\t\t\t<div class=\"elementor-element elementor-element-994de82 elementor-widget elementor-widget-spacer\" data-id=\"994de82\" data-element_type=\"widget\" data-widget_type=\"spacer.default\">\n\t\t\t\t<div class=\"elementor-widget-container\">\n\t\t\t\t\t<div class=\"elementor-spacer\">\n\t\t\t<div class=\"elementor-spacer-inner\"><\/div>\n\t\t<\/div>\n\t\t\t\t<\/div>\n\t\t\t\t<\/div>\n\t\t\t\t\t<\/div>\n\t\t<\/div>\n\t\t\t\t\t<\/div>\n\t\t<\/section>\n\t\t\t\t\t<\/div>\n\t\t<\/div>\n\t\t\t\t\t<\/div>\n\t\t<\/section>\n\t\t\t\t<\/div>\n\t\t","protected":false},"excerpt":{"rendered":"Drei Depots auf dem \u201eneusten Stand der Technik&#8220; auf der Nord-S\u00fcd-Achse (Flawil, Balerna und Desio-Italien) und","protected":false},"author":1,"featured_media":76597,"parent":61208,"menu_order":0,"comment_status":"closed","ping_status":"closed","template":"","meta":{"_acf_changed":false,"footnotes":""},"class_list":["post-61214","page","type-page","status-publish","has-post-thumbnail","hentry"],"acf":[],"yoast_head":"<!-- This site is optimized with the Yoast SEO Premium plugin v25.3.1 (Yoast SEO v25.3.1) - https:\/\/yoast.com\/wordpress\/plugins\/seo\/ -->\n<title>Infrastruktur, Logistik und Dienstleistungen - ECSA Chemicals<\/title>\n<meta name=\"description\" content=\"Drei Depots und ein engmaschiges Logistiknetz garantieren eine flexible und termingerechte Zustellung der Chemikalien in der Schweiz und in Europa\" \/>\n<meta name=\"robots\" content=\"index, follow, max-snippet:-1, max-image-preview:large, max-video-preview:-1\" \/>\n<link rel=\"canonical\" href=\"https:\/\/ecsa-chemicals.ch\/de\/ueber-uns\/infrastruktur-logistik-und-dienstleistungen\/\" \/>\n<meta property=\"og:locale\" content=\"de_DE\" \/>\n<meta property=\"og:type\" content=\"article\" \/>\n<meta property=\"og:title\" content=\"Infrastruktur, Logistik und Dienstleistungen\" \/>\n<meta property=\"og:description\" content=\"Drei Depots und ein engmaschiges Logistiknetz garantieren eine flexible und termingerechte Zustellung der Chemikalien in der Schweiz und in Europa\" \/>\n<meta property=\"og:url\" content=\"https:\/\/ecsa-chemicals.ch\/de\/ueber-uns\/infrastruktur-logistik-und-dienstleistungen\/\" \/>\n<meta property=\"og:site_name\" content=\"ECSA Chemicals\" \/>\n<meta property=\"article:modified_time\" content=\"2020-12-01T14:55:19+00:00\" \/>\n<meta property=\"og:image\" content=\"https:\/\/ecsa-chemicals.ch\/wp-content\/uploads\/2020\/12\/Infrastrutture_20201201-1.jpg\" \/>\n\t<meta property=\"og:image:width\" content=\"1920\" \/>\n\t<meta property=\"og:image:height\" content=\"1080\" \/>\n\t<meta property=\"og:image:type\" content=\"image\/jpeg\" \/>\n<meta name=\"twitter:card\" content=\"summary_large_image\" \/>\n<script type=\"application\/ld+json\" class=\"yoast-schema-graph\">{\"@context\":\"https:\/\/schema.org\",\"@graph\":[{\"@type\":\"WebPage\",\"@id\":\"https:\/\/ecsa-chemicals.ch\/de\/ueber-uns\/infrastruktur-logistik-und-dienstleistungen\/\",\"url\":\"https:\/\/ecsa-chemicals.ch\/de\/ueber-uns\/infrastruktur-logistik-und-dienstleistungen\/\",\"name\":\"Infrastruktur, Logistik und Dienstleistungen - ECSA Chemicals\",\"isPartOf\":{\"@id\":\"https:\/\/ecsa-chemicals.ch\/de\/#website\"},\"primaryImageOfPage\":{\"@id\":\"https:\/\/ecsa-chemicals.ch\/de\/ueber-uns\/infrastruktur-logistik-und-dienstleistungen\/#primaryimage\"},\"image\":{\"@id\":\"https:\/\/ecsa-chemicals.ch\/de\/ueber-uns\/infrastruktur-logistik-und-dienstleistungen\/#primaryimage\"},\"thumbnailUrl\":\"https:\/\/esycif8nzka.exactdn.com\/wp-content\/uploads\/2020\/12\/Infrastrutture_20201201-1.jpg?strip=all&lossy=1&ssl=1\",\"datePublished\":\"2020-07-06T09:53:39+00:00\",\"dateModified\":\"2020-12-01T14:55:19+00:00\",\"description\":\"Drei Depots und ein engmaschiges Logistiknetz garantieren eine flexible und termingerechte Zustellung der Chemikalien in der Schweiz und in Europa\",\"breadcrumb\":{\"@id\":\"https:\/\/ecsa-chemicals.ch\/de\/ueber-uns\/infrastruktur-logistik-und-dienstleistungen\/#breadcrumb\"},\"inLanguage\":\"de-DE\",\"potentialAction\":[{\"@type\":\"ReadAction\",\"target\":[\"https:\/\/ecsa-chemicals.ch\/de\/ueber-uns\/infrastruktur-logistik-und-dienstleistungen\/\"]}]},{\"@type\":\"ImageObject\",\"inLanguage\":\"de-DE\",\"@id\":\"https:\/\/ecsa-chemicals.ch\/de\/ueber-uns\/infrastruktur-logistik-und-dienstleistungen\/#primaryimage\",\"url\":\"https:\/\/esycif8nzka.exactdn.com\/wp-content\/uploads\/2020\/12\/Infrastrutture_20201201-1.jpg?strip=all&lossy=1&ssl=1\",\"contentUrl\":\"https:\/\/esycif8nzka.exactdn.com\/wp-content\/uploads\/2020\/12\/Infrastrutture_20201201-1.jpg?strip=all&lossy=1&ssl=1\",\"width\":1920,\"height\":1080},{\"@type\":\"BreadcrumbList\",\"@id\":\"https:\/\/ecsa-chemicals.ch\/de\/ueber-uns\/infrastruktur-logistik-und-dienstleistungen\/#breadcrumb\",\"itemListElement\":[{\"@type\":\"ListItem\",\"position\":1,\"name\":\"Home\",\"item\":\"https:\/\/ecsa-chemicals.ch\/de\/\"},{\"@type\":\"ListItem\",\"position\":2,\"name\":\"\u00dcber uns\",\"item\":\"https:\/\/ecsa-chemicals.ch\/de\/ueber-uns\/\"},{\"@type\":\"ListItem\",\"position\":3,\"name\":\"Infrastruktur, Logistik und Dienstleistungen\"}]},{\"@type\":\"WebSite\",\"@id\":\"https:\/\/ecsa-chemicals.ch\/de\/#website\",\"url\":\"https:\/\/ecsa-chemicals.ch\/de\/\",\"name\":\"ECSA Chemicals\",\"description\":\"ECSA Chemicals\",\"publisher\":{\"@id\":\"https:\/\/ecsa-chemicals.ch\/de\/#organization\"},\"potentialAction\":[{\"@type\":\"SearchAction\",\"target\":{\"@type\":\"EntryPoint\",\"urlTemplate\":\"https:\/\/ecsa-chemicals.ch\/de\/?s={search_term_string}\"},\"query-input\":{\"@type\":\"PropertyValueSpecification\",\"valueRequired\":true,\"valueName\":\"search_term_string\"}}],\"inLanguage\":\"de-DE\"},{\"@type\":\"Organization\",\"@id\":\"https:\/\/ecsa-chemicals.ch\/de\/#organization\",\"name\":\"ECSA Chemicals\",\"url\":\"https:\/\/ecsa-chemicals.ch\/de\/\",\"logo\":{\"@type\":\"ImageObject\",\"inLanguage\":\"de-DE\",\"@id\":\"https:\/\/ecsa-chemicals.ch\/de\/#\/schema\/logo\/image\/\",\"url\":\"https:\/\/esycif8nzka.exactdn.com\/wp-content\/uploads\/2025\/02\/ecsa-chemicals-logo.jpg?strip=all&lossy=1&ssl=1\",\"contentUrl\":\"https:\/\/esycif8nzka.exactdn.com\/wp-content\/uploads\/2025\/02\/ecsa-chemicals-logo.jpg?strip=all&lossy=1&ssl=1\",\"width\":800,\"height\":800,\"caption\":\"ECSA Chemicals\"},\"image\":{\"@id\":\"https:\/\/ecsa-chemicals.ch\/de\/#\/schema\/logo\/image\/\"}}]}<\/script>\n<!-- \/ Yoast SEO Premium plugin. -->","yoast_head_json":{"title":"Infrastruktur, Logistik und Dienstleistungen - ECSA Chemicals","description":"Drei Depots und ein engmaschiges Logistiknetz garantieren eine flexible und termingerechte Zustellung der Chemikalien in der Schweiz und in Europa","robots":{"index":"index","follow":"follow","max-snippet":"max-snippet:-1","max-image-preview":"max-image-preview:large","max-video-preview":"max-video-preview:-1"},"canonical":"https:\/\/ecsa-chemicals.ch\/de\/ueber-uns\/infrastruktur-logistik-und-dienstleistungen\/","og_locale":"de_DE","og_type":"article","og_title":"Infrastruktur, Logistik und Dienstleistungen","og_description":"Drei Depots und ein engmaschiges Logistiknetz garantieren eine flexible und termingerechte Zustellung der Chemikalien in der Schweiz und in Europa","og_url":"https:\/\/ecsa-chemicals.ch\/de\/ueber-uns\/infrastruktur-logistik-und-dienstleistungen\/","og_site_name":"ECSA Chemicals","article_modified_time":"2020-12-01T14:55:19+00:00","og_image":[{"width":1920,"height":1080,"url":"https:\/\/ecsa-chemicals.ch\/wp-content\/uploads\/2020\/12\/Infrastrutture_20201201-1.jpg","type":"image\/jpeg"}],"twitter_card":"summary_large_image","schema":{"@context":"https:\/\/schema.org","@graph":[{"@type":"WebPage","@id":"https:\/\/ecsa-chemicals.ch\/de\/ueber-uns\/infrastruktur-logistik-und-dienstleistungen\/","url":"https:\/\/ecsa-chemicals.ch\/de\/ueber-uns\/infrastruktur-logistik-und-dienstleistungen\/","name":"Infrastruktur, Logistik und Dienstleistungen - ECSA Chemicals","isPartOf":{"@id":"https:\/\/ecsa-chemicals.ch\/de\/#website"},"primaryImageOfPage":{"@id":"https:\/\/ecsa-chemicals.ch\/de\/ueber-uns\/infrastruktur-logistik-und-dienstleistungen\/#primaryimage"},"image":{"@id":"https:\/\/ecsa-chemicals.ch\/de\/ueber-uns\/infrastruktur-logistik-und-dienstleistungen\/#primaryimage"},"thumbnailUrl":"https:\/\/esycif8nzka.exactdn.com\/wp-content\/uploads\/2020\/12\/Infrastrutture_20201201-1.jpg?strip=all&lossy=1&ssl=1","datePublished":"2020-07-06T09:53:39+00:00","dateModified":"2020-12-01T14:55:19+00:00","description":"Drei Depots und ein engmaschiges Logistiknetz garantieren eine flexible und termingerechte Zustellung der Chemikalien in der Schweiz und in Europa","breadcrumb":{"@id":"https:\/\/ecsa-chemicals.ch\/de\/ueber-uns\/infrastruktur-logistik-und-dienstleistungen\/#breadcrumb"},"inLanguage":"de-DE","potentialAction":[{"@type":"ReadAction","target":["https:\/\/ecsa-chemicals.ch\/de\/ueber-uns\/infrastruktur-logistik-und-dienstleistungen\/"]}]},{"@type":"ImageObject","inLanguage":"de-DE","@id":"https:\/\/ecsa-chemicals.ch\/de\/ueber-uns\/infrastruktur-logistik-und-dienstleistungen\/#primaryimage","url":"https:\/\/esycif8nzka.exactdn.com\/wp-content\/uploads\/2020\/12\/Infrastrutture_20201201-1.jpg?strip=all&lossy=1&ssl=1","contentUrl":"https:\/\/esycif8nzka.exactdn.com\/wp-content\/uploads\/2020\/12\/Infrastrutture_20201201-1.jpg?strip=all&lossy=1&ssl=1","width":1920,"height":1080},{"@type":"BreadcrumbList","@id":"https:\/\/ecsa-chemicals.ch\/de\/ueber-uns\/infrastruktur-logistik-und-dienstleistungen\/#breadcrumb","itemListElement":[{"@type":"ListItem","position":1,"name":"Home","item":"https:\/\/ecsa-chemicals.ch\/de\/"},{"@type":"ListItem","position":2,"name":"\u00dcber uns","item":"https:\/\/ecsa-chemicals.ch\/de\/ueber-uns\/"},{"@type":"ListItem","position":3,"name":"Infrastruktur, Logistik und Dienstleistungen"}]},{"@type":"WebSite","@id":"https:\/\/ecsa-chemicals.ch\/de\/#website","url":"https:\/\/ecsa-chemicals.ch\/de\/","name":"ECSA Chemicals","description":"ECSA Chemicals","publisher":{"@id":"https:\/\/ecsa-chemicals.ch\/de\/#organization"},"potentialAction":[{"@type":"SearchAction","target":{"@type":"EntryPoint","urlTemplate":"https:\/\/ecsa-chemicals.ch\/de\/?s={search_term_string}"},"query-input":{"@type":"PropertyValueSpecification","valueRequired":true,"valueName":"search_term_string"}}],"inLanguage":"de-DE"},{"@type":"Organization","@id":"https:\/\/ecsa-chemicals.ch\/de\/#organization","name":"ECSA Chemicals","url":"https:\/\/ecsa-chemicals.ch\/de\/","logo":{"@type":"ImageObject","inLanguage":"de-DE","@id":"https:\/\/ecsa-chemicals.ch\/de\/#\/schema\/logo\/image\/","url":"https:\/\/esycif8nzka.exactdn.com\/wp-content\/uploads\/2025\/02\/ecsa-chemicals-logo.jpg?strip=all&lossy=1&ssl=1","contentUrl":"https:\/\/esycif8nzka.exactdn.com\/wp-content\/uploads\/2025\/02\/ecsa-chemicals-logo.jpg?strip=all&lossy=1&ssl=1","width":800,"height":800,"caption":"ECSA Chemicals"},"image":{"@id":"https:\/\/ecsa-chemicals.ch\/de\/#\/schema\/logo\/image\/"}}]}},"_links":{"self":[{"href":"https:\/\/ecsa-chemicals.ch\/de\/wp-json\/wp\/v2\/pages\/61214","targetHints":{"allow":["GET"]}}],"collection":[{"href":"https:\/\/ecsa-chemicals.ch\/de\/wp-json\/wp\/v2\/pages"}],"about":[{"href":"https:\/\/ecsa-chemicals.ch\/de\/wp-json\/wp\/v2\/types\/page"}],"author":[{"embeddable":true,"href":"https:\/\/ecsa-chemicals.ch\/de\/wp-json\/wp\/v2\/users\/1"}],"replies":[{"embeddable":true,"href":"https:\/\/ecsa-chemicals.ch\/de\/wp-json\/wp\/v2\/comments?post=61214"}],"version-history":[{"count":0,"href":"https:\/\/ecsa-chemicals.ch\/de\/wp-json\/wp\/v2\/pages\/61214\/revisions"}],"up":[{"embeddable":true,"href":"https:\/\/ecsa-chemicals.ch\/de\/wp-json\/wp\/v2\/pages\/61208"}],"wp:featuredmedia":[{"embeddable":true,"href":"https:\/\/ecsa-chemicals.ch\/de\/wp-json\/wp\/v2\/media\/76597"}],"wp:attachment":[{"href":"https:\/\/ecsa-chemicals.ch\/de\/wp-json\/wp\/v2\/media?parent=61214"}],"curies":[{"name":"wp","href":"https:\/\/api.w.org\/{rel}","templated":true}]}}