{"id":170593,"date":"2025-09-22T16:38:44","date_gmt":"2025-09-22T14:38:44","guid":{"rendered":"https:\/\/ecsa-chemicals.ch\/?page_id=170593"},"modified":"2025-09-22T16:59:14","modified_gmt":"2025-09-22T14:59:14","slug":"faq-questions-frequentes","status":"publish","type":"page","link":"https:\/\/ecsa-chemicals.ch\/fr\/faq-questions-frequentes\/","title":{"rendered":"Questions fr\u00e9quentes"},"content":{"rendered":"\t\t<div data-elementor-type=\"wp-page\" data-elementor-id=\"170593\" class=\"elementor elementor-170593 elementor-170590\" data-elementor-post-type=\"page\">\n\t\t\t\t\t\t<section class=\"elementor-section elementor-top-section elementor-element elementor-element-603e5fb elementor-section-boxed elementor-section-height-default elementor-section-height-default\" data-id=\"603e5fb\" data-element_type=\"section\">\n\t\t\t\t\t\t<div class=\"elementor-container elementor-column-gap-default\">\n\t\t\t\t\t<div class=\"elementor-column elementor-col-100 elementor-top-column elementor-element elementor-element-c18977d\" data-id=\"c18977d\" data-element_type=\"column\">\n\t\t\t<div class=\"elementor-widget-wrap elementor-element-populated\">\n\t\t\t\t\t\t<section class=\"elementor-section elementor-inner-section elementor-element elementor-element-8ac11f4 elementor-section-boxed elementor-section-height-default elementor-section-height-default\" data-id=\"8ac11f4\" data-element_type=\"section\">\n\t\t\t\t\t\t<div class=\"elementor-container elementor-column-gap-default\">\n\t\t\t\t\t<div class=\"elementor-column elementor-col-100 elementor-inner-column elementor-element elementor-element-3597adb\" data-id=\"3597adb\" data-element_type=\"column\">\n\t\t\t<div class=\"elementor-widget-wrap elementor-element-populated\">\n\t\t\t\t\t\t<div class=\"elementor-element elementor-element-dbc1d00 elementor-widget elementor-widget-spacer\" data-id=\"dbc1d00\" data-element_type=\"widget\" data-widget_type=\"spacer.default\">\n\t\t\t\t<div class=\"elementor-widget-container\">\n\t\t\t\t\t<div class=\"elementor-spacer\">\n\t\t\t<div class=\"elementor-spacer-inner\"><\/div>\n\t\t<\/div>\n\t\t\t\t<\/div>\n\t\t\t\t<\/div>\n\t\t\t\t<div class=\"elementor-element elementor-element-d99a9e5 faq elementor-widget elementor-widget-accordion\" data-id=\"d99a9e5\" data-element_type=\"widget\" data-widget_type=\"accordion.default\">\n\t\t\t\t<div class=\"elementor-widget-container\">\n\t\t\t\t\t<div class=\"elementor-accordion\">\n\t\t\t\t\t\t\t<div class=\"elementor-accordion-item\">\n\t\t\t\t\t<h2 id=\"elementor-tab-title-2281\" class=\"elementor-tab-title\" data-tab=\"1\" role=\"button\" aria-controls=\"elementor-tab-content-2281\" aria-expanded=\"false\">\n\t\t\t\t\t\t\t\t\t\t\t\t\t<span class=\"elementor-accordion-icon elementor-accordion-icon-right\" aria-hidden=\"true\">\n\t\t\t\t\t\t\t\t\t\t\t\t\t\t\t<span class=\"elementor-accordion-icon-closed\"><i class=\"icon icon-open\"><\/i><\/span>\n\t\t\t\t\t\t\t\t<span class=\"elementor-accordion-icon-opened\"><i class=\"icon icon-close\"><\/i><\/span>\n\t\t\t\t\t\t\t\t\t\t\t\t\t\t<\/span>\n\t\t\t\t\t\t\t\t\t\t\t\t<a class=\"elementor-accordion-title\" tabindex=\"0\">O\u00f9 la General Shelf Life du produit est-elle indiqu\u00e9e\u00a0?<\/a>\n\t\t\t\t\t<\/h2>\n\t\t\t\t\t<div id=\"elementor-tab-content-2281\" class=\"elementor-tab-content elementor-clearfix\" data-tab=\"1\" role=\"region\" aria-labelledby=\"elementor-tab-title-2281\"><p>La General Shelf Life est indiqu\u00e9e sur le CoA (Certificate of Analysis) qui est fourni lors de la confirmation de la commande du produit par le client.<\/p>\n<\/div>\n\t\t\t\t<\/div>\n\t\t\t\t\t\t\t<div class=\"elementor-accordion-item\">\n\t\t\t\t\t<h2 id=\"elementor-tab-title-2282\" class=\"elementor-tab-title\" data-tab=\"2\" role=\"button\" aria-controls=\"elementor-tab-content-2282\" aria-expanded=\"false\">\n\t\t\t\t\t\t\t\t\t\t\t\t\t<span class=\"elementor-accordion-icon elementor-accordion-icon-right\" aria-hidden=\"true\">\n\t\t\t\t\t\t\t\t\t\t\t\t\t\t\t<span class=\"elementor-accordion-icon-closed\"><i class=\"icon icon-open\"><\/i><\/span>\n\t\t\t\t\t\t\t\t<span class=\"elementor-accordion-icon-opened\"><i class=\"icon icon-close\"><\/i><\/span>\n\t\t\t\t\t\t\t\t\t\t\t\t\t\t<\/span>\n\t\t\t\t\t\t\t\t\t\t\t\t<a class=\"elementor-accordion-title\" tabindex=\"0\">Un tarif g\u00e9n\u00e9ral est-il disponible\u00a0?<\/a>\n\t\t\t\t\t<\/h2>\n\t\t\t\t\t<div id=\"elementor-tab-content-2282\" class=\"elementor-tab-content elementor-clearfix\" data-tab=\"2\" role=\"region\" aria-labelledby=\"elementor-tab-title-2282\"><p>Pour obtenir des informations actualis\u00e9es et d\u00e9taill\u00e9es sur un produit et la quantit\u00e9 n\u00e9cessaire correspondante, nous vous invitons \u00e0 nous contacter au moyen du formulaire en indiquant la zone et le produit qui vous int\u00e9ressent ou en visitant notre section des produits en cherchant parmi les zones de produits ou en saisissant le nom de l\u2019article directement dans le masque de recherche.<\/p>\n<\/div>\n\t\t\t\t<\/div>\n\t\t\t\t\t\t\t<div class=\"elementor-accordion-item\">\n\t\t\t\t\t<h2 id=\"elementor-tab-title-2283\" class=\"elementor-tab-title\" data-tab=\"3\" role=\"button\" aria-controls=\"elementor-tab-content-2283\" aria-expanded=\"false\">\n\t\t\t\t\t\t\t\t\t\t\t\t\t<span class=\"elementor-accordion-icon elementor-accordion-icon-right\" aria-hidden=\"true\">\n\t\t\t\t\t\t\t\t\t\t\t\t\t\t\t<span class=\"elementor-accordion-icon-closed\"><i class=\"icon icon-open\"><\/i><\/span>\n\t\t\t\t\t\t\t\t<span class=\"elementor-accordion-icon-opened\"><i class=\"icon icon-close\"><\/i><\/span>\n\t\t\t\t\t\t\t\t\t\t\t\t\t\t<\/span>\n\t\t\t\t\t\t\t\t\t\t\t\t<a class=\"elementor-accordion-title\" tabindex=\"0\">Est-il possible de recevoir un \u00e9chantillon du produit\u00a0?<\/a>\n\t\t\t\t\t<\/h2>\n\t\t\t\t\t<div id=\"elementor-tab-content-2283\" class=\"elementor-tab-content elementor-clearfix\" data-tab=\"3\" role=\"region\" aria-labelledby=\"elementor-tab-title-2283\"><p>Oui, il est possible de demander un \u00e9chantillon du produit en contactant son propre vendeur de r\u00e9f\u00e9rence ou en nous \u00e9crivant par le biais de notre formulaire de contact.<\/p>\n<\/div>\n\t\t\t\t<\/div>\n\t\t\t\t\t\t\t<div class=\"elementor-accordion-item\">\n\t\t\t\t\t<h2 id=\"elementor-tab-title-2284\" class=\"elementor-tab-title\" data-tab=\"4\" role=\"button\" aria-controls=\"elementor-tab-content-2284\" aria-expanded=\"false\">\n\t\t\t\t\t\t\t\t\t\t\t\t\t<span class=\"elementor-accordion-icon elementor-accordion-icon-right\" aria-hidden=\"true\">\n\t\t\t\t\t\t\t\t\t\t\t\t\t\t\t<span class=\"elementor-accordion-icon-closed\"><i class=\"icon icon-open\"><\/i><\/span>\n\t\t\t\t\t\t\t\t<span class=\"elementor-accordion-icon-opened\"><i class=\"icon icon-close\"><\/i><\/span>\n\t\t\t\t\t\t\t\t\t\t\t\t\t\t<\/span>\n\t\t\t\t\t\t\t\t\t\t\t\t<a class=\"elementor-accordion-title\" tabindex=\"0\">Quels emballages avez-vous\u00a0?<\/a>\n\t\t\t\t\t<\/h2>\n\t\t\t\t\t<div id=\"elementor-tab-content-2284\" class=\"elementor-tab-content elementor-clearfix\" data-tab=\"4\" role=\"region\" aria-labelledby=\"elementor-tab-title-2284\"><p>Les produits sont disponibles dans diff\u00e9rents emballages, en fonction des besoins et de la disponibilit\u00e9. Pour chaque produit figurant au catalogue, les emballages disponibles sont indiqu\u00e9s\u00a0: vous pouvez trouver cette information dans chaque fiche de produit pr\u00e9sente sur le site. Pour des demandes d\u2019emballages sp\u00e9ciaux, vous pouvez nous envoyer une requ\u00eate par le biais du formulaire de contact ou en vous adressant au responsable commercial de r\u00e9f\u00e9rence.<\/p>\n<\/div>\n\t\t\t\t<\/div>\n\t\t\t\t\t\t\t<div class=\"elementor-accordion-item\">\n\t\t\t\t\t<h2 id=\"elementor-tab-title-2285\" class=\"elementor-tab-title\" data-tab=\"5\" role=\"button\" aria-controls=\"elementor-tab-content-2285\" aria-expanded=\"false\">\n\t\t\t\t\t\t\t\t\t\t\t\t\t<span class=\"elementor-accordion-icon elementor-accordion-icon-right\" aria-hidden=\"true\">\n\t\t\t\t\t\t\t\t\t\t\t\t\t\t\t<span class=\"elementor-accordion-icon-closed\"><i class=\"icon icon-open\"><\/i><\/span>\n\t\t\t\t\t\t\t\t<span class=\"elementor-accordion-icon-opened\"><i class=\"icon icon-close\"><\/i><\/span>\n\t\t\t\t\t\t\t\t\t\t\t\t\t\t<\/span>\n\t\t\t\t\t\t\t\t\t\t\t\t<a class=\"elementor-accordion-title\" tabindex=\"0\">Dans quels pays les produits sont-ils commercialis\u00e9s\u00a0?<\/a>\n\t\t\t\t\t<\/h2>\n\t\t\t\t\t<div id=\"elementor-tab-content-2285\" class=\"elementor-tab-content elementor-clearfix\" data-tab=\"5\" role=\"region\" aria-labelledby=\"elementor-tab-title-2285\"><p>ECSA Chemicals \u0153uvre de mani\u00e8re capillaire sur l\u2019ensemble du territoire suisse et dans de nombreuses parties d\u2019Europe. En outre, elle peut distribuer des produits m\u00eame sur des territoires extra-europ\u00e9ens en fonction des exigences et des disponibilit\u00e9s.<\/p>\n<\/div>\n\t\t\t\t<\/div>\n\t\t\t\t\t\t\t<div class=\"elementor-accordion-item\">\n\t\t\t\t\t<h2 id=\"elementor-tab-title-2286\" class=\"elementor-tab-title\" data-tab=\"6\" role=\"button\" aria-controls=\"elementor-tab-content-2286\" aria-expanded=\"false\">\n\t\t\t\t\t\t\t\t\t\t\t\t\t<span class=\"elementor-accordion-icon elementor-accordion-icon-right\" aria-hidden=\"true\">\n\t\t\t\t\t\t\t\t\t\t\t\t\t\t\t<span class=\"elementor-accordion-icon-closed\"><i class=\"icon icon-open\"><\/i><\/span>\n\t\t\t\t\t\t\t\t<span class=\"elementor-accordion-icon-opened\"><i class=\"icon icon-close\"><\/i><\/span>\n\t\t\t\t\t\t\t\t\t\t\t\t\t\t<\/span>\n\t\t\t\t\t\t\t\t\t\t\t\t<a class=\"elementor-accordion-title\" tabindex=\"0\">O\u00f9 le \u00ab\u00a0Status Reach\u00a0\u00bb d\u2019un produit est-il indiqu\u00e9\u00a0? <\/a>\n\t\t\t\t\t<\/h2>\n\t\t\t\t\t<div id=\"elementor-tab-content-2286\" class=\"elementor-tab-content elementor-clearfix\" data-tab=\"6\" role=\"region\" aria-labelledby=\"elementor-tab-title-2286\"><p><span class=\"TextRun SCXW8417047 BCX0\" lang=\"IT-CH\" xml:lang=\"IT-CH\" data-contrast=\"auto\"><span class=\"NormalTextRun SCXW8417047 BCX0\">Le num\u00e9ro d\u2019enregistrement d\u2019un produit est habituellement indiqu\u00e9 sur la MSDS. Dans le cas d\u2019une \u00ab\u00a0substance\u00a0\u00bb, il se trouve au paragraphe 1.1 de la fiche de s\u00e9curit\u00e9, si en revanche il s\u2019agit d\u2019un \u00ab\u00a0m\u00e9lange\u00a0\u00bb le num\u00e9ro d\u2019enregistrement des diff\u00e9rents composants se trouve au paragraphe 3.2.<\/span><\/span><span class=\"TextRun SCXW8417047 BCX0\" lang=\"IT-CH\" xml:lang=\"IT-CH\" data-contrast=\"auto\"><span class=\"NormalTextRun SCXW8417047 BCX0\">\u00a0<\/span><\/span><span class=\"TextRun SCXW8417047 BCX0\" lang=\"IT-CH\" xml:lang=\"IT-CH\" data-contrast=\"auto\"><span class=\"NormalTextRun SCXW8417047 BCX0\">Si le num\u00e9ro d\u2019enregistrement ne figure pas sur la MSDS, nous vous invitons \u00e0 nous contacter<\/span><\/span><span class=\"TextRun SCXW8417047 BCX0\" lang=\"IT-CH\" xml:lang=\"IT-CH\" data-contrast=\"auto\"><span class=\"NormalTextRun SCXW8417047 BCX0\">.<\/span><\/span><span class=\"EOP SCXW8417047 BCX0\" data-ccp-props=\"{&quot;201341983&quot;:0,&quot;335559739&quot;:160,&quot;335559740&quot;:259}\">\u00a0<\/span><\/p>\n<\/div>\n\t\t\t\t<\/div>\n\t\t\t\t\t\t\t\t<\/div>\n\t\t\t\t<\/div>\n\t\t\t\t<\/div>\n\t\t\t\t\t<\/div>\n\t\t<\/div>\n\t\t\t\t\t<\/div>\n\t\t<\/section>\n\t\t\t\t\t<\/div>\n\t\t<\/div>\n\t\t\t\t\t<\/div>\n\t\t<\/section>\n\t\t\t\t<\/div>\n\t\t","protected":false},"excerpt":{"rendered":"O\u00f9 la General Shelf Life du produit est-elle indiqu\u00e9e\u00a0? La General Shelf Life est indiqu\u00e9e sur le CoA (Certificate","protected":false},"author":20,"featured_media":49976,"parent":0,"menu_order":1,"comment_status":"closed","ping_status":"closed","template":"","meta":{"_acf_changed":false,"footnotes":""},"class_list":["post-170593","page","type-page","status-publish","has-post-thumbnail","hentry"],"acf":[],"yoast_head":"<!-- This site is optimized with the Yoast SEO Premium plugin v25.3.1 (Yoast SEO v25.3.1) - https:\/\/yoast.com\/wordpress\/plugins\/seo\/ -->\n<title>Questions fr\u00e9quentes | ECSA Chemicals<\/title>\n<meta name=\"description\" content=\"R\u00e9ponses \u00e0 vos questions sur Ecsa Chemicals \u2713 Dur\u00e9e de conservation \u2713Zones de distribution \u2713 Emballage \u2713 Statut REACH \u25ba Lire maintenant\" \/>\n<meta name=\"robots\" content=\"index, follow, max-snippet:-1, max-image-preview:large, max-video-preview:-1\" \/>\n<link rel=\"canonical\" href=\"https:\/\/ecsa-chemicals.ch\/fr\/faq-questions-frequentes\/\" \/>\n<meta property=\"og:locale\" content=\"fr_FR\" \/>\n<meta property=\"og:type\" content=\"article\" \/>\n<meta property=\"og:title\" content=\"Questions fr\u00e9quentes\" \/>\n<meta property=\"og:description\" content=\"R\u00e9ponses \u00e0 vos questions sur Ecsa Chemicals \u2713 Dur\u00e9e de conservation \u2713Zones de distribution \u2713 Emballage \u2713 Statut REACH \u25ba Lire maintenant\" \/>\n<meta property=\"og:url\" content=\"https:\/\/ecsa-chemicals.ch\/fr\/faq-questions-frequentes\/\" \/>\n<meta property=\"og:site_name\" content=\"ECSA Chemicals\" \/>\n<meta property=\"article:modified_time\" content=\"2025-09-22T14:59:14+00:00\" \/>\n<meta property=\"og:image\" content=\"https:\/\/ecsa-chemicals.ch\/wp-content\/uploads\/2020\/04\/Hero_09Faq.jpg\" \/>\n\t<meta property=\"og:image:width\" content=\"1920\" \/>\n\t<meta property=\"og:image:height\" content=\"900\" \/>\n\t<meta property=\"og:image:type\" content=\"image\/jpeg\" \/>\n<meta name=\"twitter:card\" content=\"summary_large_image\" \/>\n<meta name=\"twitter:label1\" content=\"Dur\u00e9e de lecture estim\u00e9e\" \/>\n\t<meta name=\"twitter:data1\" content=\"2 minutes\" \/>\n<script type=\"application\/ld+json\" class=\"yoast-schema-graph\">{\"@context\":\"https:\/\/schema.org\",\"@graph\":[{\"@type\":\"WebPage\",\"@id\":\"https:\/\/ecsa-chemicals.ch\/fr\/faq-questions-frequentes\/\",\"url\":\"https:\/\/ecsa-chemicals.ch\/fr\/faq-questions-frequentes\/\",\"name\":\"Questions fr\u00e9quentes | ECSA Chemicals\",\"isPartOf\":{\"@id\":\"https:\/\/ecsa-chemicals.ch\/fr\/#website\"},\"primaryImageOfPage\":{\"@id\":\"https:\/\/ecsa-chemicals.ch\/fr\/faq-questions-frequentes\/#primaryimage\"},\"image\":{\"@id\":\"https:\/\/ecsa-chemicals.ch\/fr\/faq-questions-frequentes\/#primaryimage\"},\"thumbnailUrl\":\"https:\/\/esycif8nzka.exactdn.com\/wp-content\/uploads\/2020\/04\/Hero_09Faq.jpg?strip=all&lossy=1&ssl=1\",\"datePublished\":\"2025-09-22T14:38:44+00:00\",\"dateModified\":\"2025-09-22T14:59:14+00:00\",\"description\":\"R\u00e9ponses \u00e0 vos questions sur Ecsa Chemicals \u2713 Dur\u00e9e de conservation \u2713Zones de distribution \u2713 Emballage \u2713 Statut REACH \u25ba Lire maintenant\",\"breadcrumb\":{\"@id\":\"https:\/\/ecsa-chemicals.ch\/fr\/faq-questions-frequentes\/#breadcrumb\"},\"inLanguage\":\"fr-FR\",\"potentialAction\":[{\"@type\":\"ReadAction\",\"target\":[\"https:\/\/ecsa-chemicals.ch\/fr\/faq-questions-frequentes\/\"]}]},{\"@type\":\"ImageObject\",\"inLanguage\":\"fr-FR\",\"@id\":\"https:\/\/ecsa-chemicals.ch\/fr\/faq-questions-frequentes\/#primaryimage\",\"url\":\"https:\/\/esycif8nzka.exactdn.com\/wp-content\/uploads\/2020\/04\/Hero_09Faq.jpg?strip=all&lossy=1&ssl=1\",\"contentUrl\":\"https:\/\/esycif8nzka.exactdn.com\/wp-content\/uploads\/2020\/04\/Hero_09Faq.jpg?strip=all&lossy=1&ssl=1\",\"width\":1920,\"height\":900},{\"@type\":\"BreadcrumbList\",\"@id\":\"https:\/\/ecsa-chemicals.ch\/fr\/faq-questions-frequentes\/#breadcrumb\",\"itemListElement\":[{\"@type\":\"ListItem\",\"position\":1,\"name\":\"Home\",\"item\":\"https:\/\/ecsa-chemicals.ch\/fr\/\"},{\"@type\":\"ListItem\",\"position\":2,\"name\":\"Questions fr\u00e9quentes\"}]},{\"@type\":\"WebSite\",\"@id\":\"https:\/\/ecsa-chemicals.ch\/fr\/#website\",\"url\":\"https:\/\/ecsa-chemicals.ch\/fr\/\",\"name\":\"ECSA Chemicals\",\"description\":\"ECSA Chemicals\",\"publisher\":{\"@id\":\"https:\/\/ecsa-chemicals.ch\/fr\/#organization\"},\"potentialAction\":[{\"@type\":\"SearchAction\",\"target\":{\"@type\":\"EntryPoint\",\"urlTemplate\":\"https:\/\/ecsa-chemicals.ch\/fr\/?s={search_term_string}\"},\"query-input\":{\"@type\":\"PropertyValueSpecification\",\"valueRequired\":true,\"valueName\":\"search_term_string\"}}],\"inLanguage\":\"fr-FR\"},{\"@type\":\"Organization\",\"@id\":\"https:\/\/ecsa-chemicals.ch\/fr\/#organization\",\"name\":\"ECSA Chemicals\",\"url\":\"https:\/\/ecsa-chemicals.ch\/fr\/\",\"logo\":{\"@type\":\"ImageObject\",\"inLanguage\":\"fr-FR\",\"@id\":\"https:\/\/ecsa-chemicals.ch\/fr\/#\/schema\/logo\/image\/\",\"url\":\"https:\/\/esycif8nzka.exactdn.com\/wp-content\/uploads\/2025\/02\/ecsa-chemicals-logo.jpg?strip=all&lossy=1&ssl=1\",\"contentUrl\":\"https:\/\/esycif8nzka.exactdn.com\/wp-content\/uploads\/2025\/02\/ecsa-chemicals-logo.jpg?strip=all&lossy=1&ssl=1\",\"width\":800,\"height\":800,\"caption\":\"ECSA Chemicals\"},\"image\":{\"@id\":\"https:\/\/ecsa-chemicals.ch\/fr\/#\/schema\/logo\/image\/\"}}]}<\/script>\n<!-- \/ Yoast SEO Premium plugin. -->","yoast_head_json":{"title":"Questions fr\u00e9quentes | ECSA Chemicals","description":"R\u00e9ponses \u00e0 vos questions sur Ecsa Chemicals \u2713 Dur\u00e9e de conservation \u2713Zones de distribution \u2713 Emballage \u2713 Statut REACH \u25ba Lire maintenant","robots":{"index":"index","follow":"follow","max-snippet":"max-snippet:-1","max-image-preview":"max-image-preview:large","max-video-preview":"max-video-preview:-1"},"canonical":"https:\/\/ecsa-chemicals.ch\/fr\/faq-questions-frequentes\/","og_locale":"fr_FR","og_type":"article","og_title":"Questions fr\u00e9quentes","og_description":"R\u00e9ponses \u00e0 vos questions sur Ecsa Chemicals \u2713 Dur\u00e9e de conservation \u2713Zones de distribution \u2713 Emballage \u2713 Statut REACH \u25ba Lire maintenant","og_url":"https:\/\/ecsa-chemicals.ch\/fr\/faq-questions-frequentes\/","og_site_name":"ECSA Chemicals","article_modified_time":"2025-09-22T14:59:14+00:00","og_image":[{"width":1920,"height":900,"url":"https:\/\/ecsa-chemicals.ch\/wp-content\/uploads\/2020\/04\/Hero_09Faq.jpg","type":"image\/jpeg"}],"twitter_card":"summary_large_image","twitter_misc":{"Dur\u00e9e de lecture estim\u00e9e":"2 minutes"},"schema":{"@context":"https:\/\/schema.org","@graph":[{"@type":"WebPage","@id":"https:\/\/ecsa-chemicals.ch\/fr\/faq-questions-frequentes\/","url":"https:\/\/ecsa-chemicals.ch\/fr\/faq-questions-frequentes\/","name":"Questions fr\u00e9quentes | ECSA Chemicals","isPartOf":{"@id":"https:\/\/ecsa-chemicals.ch\/fr\/#website"},"primaryImageOfPage":{"@id":"https:\/\/ecsa-chemicals.ch\/fr\/faq-questions-frequentes\/#primaryimage"},"image":{"@id":"https:\/\/ecsa-chemicals.ch\/fr\/faq-questions-frequentes\/#primaryimage"},"thumbnailUrl":"https:\/\/esycif8nzka.exactdn.com\/wp-content\/uploads\/2020\/04\/Hero_09Faq.jpg?strip=all&lossy=1&ssl=1","datePublished":"2025-09-22T14:38:44+00:00","dateModified":"2025-09-22T14:59:14+00:00","description":"R\u00e9ponses \u00e0 vos questions sur Ecsa Chemicals \u2713 Dur\u00e9e de conservation \u2713Zones de distribution \u2713 Emballage \u2713 Statut REACH \u25ba Lire maintenant","breadcrumb":{"@id":"https:\/\/ecsa-chemicals.ch\/fr\/faq-questions-frequentes\/#breadcrumb"},"inLanguage":"fr-FR","potentialAction":[{"@type":"ReadAction","target":["https:\/\/ecsa-chemicals.ch\/fr\/faq-questions-frequentes\/"]}]},{"@type":"ImageObject","inLanguage":"fr-FR","@id":"https:\/\/ecsa-chemicals.ch\/fr\/faq-questions-frequentes\/#primaryimage","url":"https:\/\/esycif8nzka.exactdn.com\/wp-content\/uploads\/2020\/04\/Hero_09Faq.jpg?strip=all&lossy=1&ssl=1","contentUrl":"https:\/\/esycif8nzka.exactdn.com\/wp-content\/uploads\/2020\/04\/Hero_09Faq.jpg?strip=all&lossy=1&ssl=1","width":1920,"height":900},{"@type":"BreadcrumbList","@id":"https:\/\/ecsa-chemicals.ch\/fr\/faq-questions-frequentes\/#breadcrumb","itemListElement":[{"@type":"ListItem","position":1,"name":"Home","item":"https:\/\/ecsa-chemicals.ch\/fr\/"},{"@type":"ListItem","position":2,"name":"Questions fr\u00e9quentes"}]},{"@type":"WebSite","@id":"https:\/\/ecsa-chemicals.ch\/fr\/#website","url":"https:\/\/ecsa-chemicals.ch\/fr\/","name":"ECSA Chemicals","description":"ECSA Chemicals","publisher":{"@id":"https:\/\/ecsa-chemicals.ch\/fr\/#organization"},"potentialAction":[{"@type":"SearchAction","target":{"@type":"EntryPoint","urlTemplate":"https:\/\/ecsa-chemicals.ch\/fr\/?s={search_term_string}"},"query-input":{"@type":"PropertyValueSpecification","valueRequired":true,"valueName":"search_term_string"}}],"inLanguage":"fr-FR"},{"@type":"Organization","@id":"https:\/\/ecsa-chemicals.ch\/fr\/#organization","name":"ECSA Chemicals","url":"https:\/\/ecsa-chemicals.ch\/fr\/","logo":{"@type":"ImageObject","inLanguage":"fr-FR","@id":"https:\/\/ecsa-chemicals.ch\/fr\/#\/schema\/logo\/image\/","url":"https:\/\/esycif8nzka.exactdn.com\/wp-content\/uploads\/2025\/02\/ecsa-chemicals-logo.jpg?strip=all&lossy=1&ssl=1","contentUrl":"https:\/\/esycif8nzka.exactdn.com\/wp-content\/uploads\/2025\/02\/ecsa-chemicals-logo.jpg?strip=all&lossy=1&ssl=1","width":800,"height":800,"caption":"ECSA Chemicals"},"image":{"@id":"https:\/\/ecsa-chemicals.ch\/fr\/#\/schema\/logo\/image\/"}}]}},"_links":{"self":[{"href":"https:\/\/ecsa-chemicals.ch\/fr\/wp-json\/wp\/v2\/pages\/170593","targetHints":{"allow":["GET"]}}],"collection":[{"href":"https:\/\/ecsa-chemicals.ch\/fr\/wp-json\/wp\/v2\/pages"}],"about":[{"href":"https:\/\/ecsa-chemicals.ch\/fr\/wp-json\/wp\/v2\/types\/page"}],"author":[{"embeddable":true,"href":"https:\/\/ecsa-chemicals.ch\/fr\/wp-json\/wp\/v2\/users\/20"}],"replies":[{"embeddable":true,"href":"https:\/\/ecsa-chemicals.ch\/fr\/wp-json\/wp\/v2\/comments?post=170593"}],"version-history":[{"count":0,"href":"https:\/\/ecsa-chemicals.ch\/fr\/wp-json\/wp\/v2\/pages\/170593\/revisions"}],"wp:featuredmedia":[{"embeddable":true,"href":"https:\/\/ecsa-chemicals.ch\/fr\/wp-json\/wp\/v2\/media\/49976"}],"wp:attachment":[{"href":"https:\/\/ecsa-chemicals.ch\/fr\/wp-json\/wp\/v2\/media?parent=170593"}],"curies":[{"name":"wp","href":"https:\/\/api.w.org\/{rel}","templated":true}]}}