{"id":61110,"date":"2020-07-06T11:48:49","date_gmt":"2020-07-06T09:48:49","guid":{"rendered":"https:\/\/ecsa-chemicals.ch\/qui-sommes-nous\/infrastructures-logistique-et-services\/"},"modified":"2020-12-01T11:33:49","modified_gmt":"2020-12-01T10:33:49","slug":"infrastructures-logistique-et-services","status":"publish","type":"page","link":"https:\/\/ecsa-chemicals.ch\/fr\/qui-sommes-nous\/infrastructures-logistique-et-services\/","title":{"rendered":"Infrastructures, logistique et services"},"content":{"rendered":"\t\t<div data-elementor-type=\"wp-page\" data-elementor-id=\"61110\" class=\"elementor elementor-61110 elementor-8965\" data-elementor-post-type=\"page\">\n\t\t\t\t\t\t<section class=\"elementor-section elementor-top-section elementor-element elementor-element-a771062 elementor-section-full_width elementor-section-height-min-height elementor-section-height-default elementor-section-items-middle\" data-id=\"a771062\" data-element_type=\"section\">\n\t\t\t\t\t\t<div class=\"elementor-container elementor-column-gap-default\">\n\t\t\t\t\t<div class=\"elementor-column elementor-col-100 elementor-top-column elementor-element elementor-element-56ebfc9\" data-id=\"56ebfc9\" data-element_type=\"column\">\n\t\t\t<div class=\"elementor-widget-wrap elementor-element-populated\">\n\t\t\t\t\t\t<section class=\"elementor-section elementor-inner-section elementor-element elementor-element-f600020 elementor-section-boxed elementor-section-height-default elementor-section-height-default\" data-id=\"f600020\" data-element_type=\"section\">\n\t\t\t\t\t\t<div class=\"elementor-container elementor-column-gap-no\">\n\t\t\t\t\t<div class=\"elementor-column elementor-col-100 elementor-inner-column elementor-element elementor-element-8221964\" data-id=\"8221964\" data-element_type=\"column\">\n\t\t\t<div class=\"elementor-widget-wrap elementor-element-populated\">\n\t\t\t\t\t\t<div class=\"elementor-element elementor-element-08877af elementor-widget elementor-widget-text-editor\" data-id=\"08877af\" data-element_type=\"widget\" data-widget_type=\"text-editor.default\">\n\t\t\t\t<div class=\"elementor-widget-container\">\n\t\t\t\t\t\t\t<p>Avec 3 d\u00e9p\u00f4ts dans les \u00ab\u00a0r\u00e8gles de l\u2019art\u00a0\u00bb sur l\u2019axe Nord-Sud (Flawil, Balerna et Desio) et sa propre flotte logistique, ECSA Chemicals offre sur le march\u00e9 un service complet et capillaire. ECSA Chemicals est le partenaire id\u00e9al pour la distribution de produits chimiques en Suisse et en Lombardie et pour la distribution de sp\u00e9cialit\u00e9s en Europe.<\/p>\n<p>Les deux d\u00e9p\u00f4ts de Balerna et Flawil avec un assortiment complet permettent \u00e0 ECSA Chemicals de desservir ses clients avec des acides, des bases, des solvants et des sp\u00e9cialit\u00e9s. Le d\u00e9p\u00f4t de Milan Desio joue en revanche le r\u00f4le de plateforme pour le march\u00e9 europ\u00e9en.<\/p>\n<p>ECSA Chemicals offre \u00e0 ses clients un service complet, allant de la fourniture du produit au retrait et \u00e0 l\u2019\u00e9limination des d\u00e9chets sp\u00e9ciaux.<\/p>\n<p>Notre cha\u00eene d\u2019approvisionnement des produits d\u00e9velopp\u00e9e au fil des ans a permis \u00e0 ECSA Chemicals d&rsquo;acqu\u00e9rir un niveau \u00e9lev\u00e9 d\u2019expertise et de nouer des relations consolid\u00e9es avec des partenaires de confiance permettant de garantir les niveaux les plus \u00e9lev\u00e9s de service et qualit\u00e9.<\/p>\n<p>La rapidit\u00e9 d\u2019approvisionnement et la capacit\u00e9 de stockage sont deux points forts d\u2019ECSA.<\/p>\n<p>Nous poss\u00e9dons des stocks comptant en moyenne 6\u00a0000 tonnes de mati\u00e8res premi\u00e8res disponibles et une capacit\u00e9 de manutention du fret \u00e9gale \u00e0 pr\u00e8s de 21\u00a0000 tonnes\/an.<\/p>\n\t\t\t\t\t\t<\/div>\n\t\t\t\t<\/div>\n\t\t\t\t<div class=\"elementor-element elementor-element-682e11c elementor-widget elementor-widget-spacer\" data-id=\"682e11c\" data-element_type=\"widget\" data-widget_type=\"spacer.default\">\n\t\t\t\t<div class=\"elementor-widget-container\">\n\t\t\t\t\t<div class=\"elementor-spacer\">\n\t\t\t<div class=\"elementor-spacer-inner\"><\/div>\n\t\t<\/div>\n\t\t\t\t<\/div>\n\t\t\t\t<\/div>\n\t\t\t\t\t<\/div>\n\t\t<\/div>\n\t\t\t\t\t<\/div>\n\t\t<\/section>\n\t\t\t\t<section class=\"elementor-section elementor-inner-section elementor-element elementor-element-cf5ea95 elementor-section-boxed elementor-section-height-default elementor-section-height-default\" data-id=\"cf5ea95\" data-element_type=\"section\">\n\t\t\t\t\t\t<div class=\"elementor-container elementor-column-gap-no\">\n\t\t\t\t\t<div class=\"elementor-column elementor-col-33 elementor-inner-column elementor-element elementor-element-9362f06\" data-id=\"9362f06\" data-element_type=\"column\">\n\t\t\t<div class=\"elementor-widget-wrap elementor-element-populated\">\n\t\t\t\t\t\t<div class=\"elementor-element elementor-element-d301831 elementor-widget elementor-widget-image\" data-id=\"d301831\" data-element_type=\"widget\" data-widget_type=\"image.default\">\n\t\t\t\t<div class=\"elementor-widget-container\">\n\t\t\t\t\t\t\t\t\t\t\t\t\t<img fetchpriority=\"high\" decoding=\"async\" width=\"370\" height=\"236\" src=\"https:\/\/esycif8nzka.exactdn.com\/wp-content\/uploads\/2020\/05\/01_Infrastrutture-Logistica-e-Servizi_-1.jpg?strip=all&amp;lossy=1&amp;ssl=1\" class=\"attachment-medium size-medium wp-image-38935\" alt=\"\" srcset=\"https:\/\/esycif8nzka.exactdn.com\/wp-content\/uploads\/2020\/05\/01_Infrastrutture-Logistica-e-Servizi_-1.jpg?strip=all&amp;lossy=1&amp;ssl=1 370w, https:\/\/esycif8nzka.exactdn.com\/wp-content\/uploads\/2020\/05\/01_Infrastrutture-Logistica-e-Servizi_-1.jpg?strip=all&amp;lossy=1&amp;w=74&amp;ssl=1 74w, https:\/\/esycif8nzka.exactdn.com\/wp-content\/uploads\/2020\/05\/01_Infrastrutture-Logistica-e-Servizi_-1.jpg?strip=all&amp;lossy=1&amp;w=148&amp;ssl=1 148w, https:\/\/esycif8nzka.exactdn.com\/wp-content\/uploads\/2020\/05\/01_Infrastrutture-Logistica-e-Servizi_-1.jpg?strip=all&amp;lossy=1&amp;w=222&amp;ssl=1 222w, https:\/\/esycif8nzka.exactdn.com\/wp-content\/uploads\/2020\/05\/01_Infrastrutture-Logistica-e-Servizi_-1.jpg?strip=all&amp;lossy=1&amp;w=296&amp;ssl=1 296w\" sizes=\"(max-width: 370px) 100vw, 370px\" \/>\t\t\t\t\t\t\t\t\t\t\t\t\t<\/div>\n\t\t\t\t<\/div>\n\t\t\t\t\t<\/div>\n\t\t<\/div>\n\t\t\t\t<div class=\"elementor-column elementor-col-33 elementor-inner-column elementor-element elementor-element-1bcad0b\" data-id=\"1bcad0b\" data-element_type=\"column\">\n\t\t\t<div class=\"elementor-widget-wrap elementor-element-populated\">\n\t\t\t\t\t\t<div class=\"elementor-element elementor-element-8532289 elementor-widget elementor-widget-image\" data-id=\"8532289\" data-element_type=\"widget\" data-widget_type=\"image.default\">\n\t\t\t\t<div class=\"elementor-widget-container\">\n\t\t\t\t\t\t\t\t\t\t\t\t\t<img decoding=\"async\" width=\"370\" height=\"236\" src=\"https:\/\/esycif8nzka.exactdn.com\/wp-content\/uploads\/2020\/05\/02_Infrastrutture-Logistica-e-Servizi_-1.jpg?strip=all&amp;lossy=1&amp;ssl=1\" class=\"attachment-medium size-medium wp-image-38939\" alt=\"\" srcset=\"https:\/\/esycif8nzka.exactdn.com\/wp-content\/uploads\/2020\/05\/02_Infrastrutture-Logistica-e-Servizi_-1.jpg?strip=all&amp;lossy=1&amp;ssl=1 370w, https:\/\/esycif8nzka.exactdn.com\/wp-content\/uploads\/2020\/05\/02_Infrastrutture-Logistica-e-Servizi_-1.jpg?strip=all&amp;lossy=1&amp;w=74&amp;ssl=1 74w, https:\/\/esycif8nzka.exactdn.com\/wp-content\/uploads\/2020\/05\/02_Infrastrutture-Logistica-e-Servizi_-1.jpg?strip=all&amp;lossy=1&amp;w=148&amp;ssl=1 148w, https:\/\/esycif8nzka.exactdn.com\/wp-content\/uploads\/2020\/05\/02_Infrastrutture-Logistica-e-Servizi_-1.jpg?strip=all&amp;lossy=1&amp;w=222&amp;ssl=1 222w, https:\/\/esycif8nzka.exactdn.com\/wp-content\/uploads\/2020\/05\/02_Infrastrutture-Logistica-e-Servizi_-1.jpg?strip=all&amp;lossy=1&amp;w=296&amp;ssl=1 296w\" sizes=\"(max-width: 370px) 100vw, 370px\" \/>\t\t\t\t\t\t\t\t\t\t\t\t\t<\/div>\n\t\t\t\t<\/div>\n\t\t\t\t\t<\/div>\n\t\t<\/div>\n\t\t\t\t<div class=\"elementor-column elementor-col-33 elementor-inner-column elementor-element elementor-element-d3b6b29\" data-id=\"d3b6b29\" data-element_type=\"column\">\n\t\t\t<div class=\"elementor-widget-wrap elementor-element-populated\">\n\t\t\t\t\t\t<div class=\"elementor-element elementor-element-62e8606 elementor-widget elementor-widget-image\" data-id=\"62e8606\" data-element_type=\"widget\" data-widget_type=\"image.default\">\n\t\t\t\t<div class=\"elementor-widget-container\">\n\t\t\t\t\t\t\t\t\t\t\t\t\t<img decoding=\"async\" width=\"370\" height=\"236\" src=\"https:\/\/esycif8nzka.exactdn.com\/wp-content\/uploads\/2020\/05\/03_Infrastrutture-Logistica-e-Servizi_-1.jpg?strip=all&amp;lossy=1&amp;ssl=1\" class=\"attachment-medium size-medium wp-image-38943\" alt=\"\" srcset=\"https:\/\/esycif8nzka.exactdn.com\/wp-content\/uploads\/2020\/05\/03_Infrastrutture-Logistica-e-Servizi_-1.jpg?strip=all&amp;lossy=1&amp;ssl=1 370w, https:\/\/esycif8nzka.exactdn.com\/wp-content\/uploads\/2020\/05\/03_Infrastrutture-Logistica-e-Servizi_-1.jpg?strip=all&amp;lossy=1&amp;w=74&amp;ssl=1 74w, https:\/\/esycif8nzka.exactdn.com\/wp-content\/uploads\/2020\/05\/03_Infrastrutture-Logistica-e-Servizi_-1.jpg?strip=all&amp;lossy=1&amp;w=148&amp;ssl=1 148w, https:\/\/esycif8nzka.exactdn.com\/wp-content\/uploads\/2020\/05\/03_Infrastrutture-Logistica-e-Servizi_-1.jpg?strip=all&amp;lossy=1&amp;w=222&amp;ssl=1 222w, https:\/\/esycif8nzka.exactdn.com\/wp-content\/uploads\/2020\/05\/03_Infrastrutture-Logistica-e-Servizi_-1.jpg?strip=all&amp;lossy=1&amp;w=296&amp;ssl=1 296w\" sizes=\"(max-width: 370px) 100vw, 370px\" \/>\t\t\t\t\t\t\t\t\t\t\t\t\t<\/div>\n\t\t\t\t<\/div>\n\t\t\t\t\t<\/div>\n\t\t<\/div>\n\t\t\t\t\t<\/div>\n\t\t<\/section>\n\t\t\t\t\t<\/div>\n\t\t<\/div>\n\t\t\t\t\t<\/div>\n\t\t<\/section>\n\t\t\t\t<section class=\"elementor-section elementor-top-section elementor-element elementor-element-ab97143 elementor-section-full_width elementor-section-height-min-height elementor-section-height-default elementor-section-items-middle\" data-id=\"ab97143\" data-element_type=\"section\">\n\t\t\t\t\t\t<div class=\"elementor-container elementor-column-gap-default\">\n\t\t\t\t\t<div class=\"elementor-column elementor-col-100 elementor-top-column elementor-element elementor-element-7b685d3\" data-id=\"7b685d3\" data-element_type=\"column\">\n\t\t\t<div class=\"elementor-widget-wrap elementor-element-populated\">\n\t\t\t\t\t\t<section class=\"elementor-section elementor-inner-section elementor-element elementor-element-ece1047 elementor-section-boxed elementor-section-height-default elementor-section-height-default\" data-id=\"ece1047\" data-element_type=\"section\">\n\t\t\t\t\t\t<div class=\"elementor-container elementor-column-gap-no\">\n\t\t\t\t\t<div class=\"elementor-column elementor-col-100 elementor-inner-column elementor-element elementor-element-27f4a36\" data-id=\"27f4a36\" data-element_type=\"column\">\n\t\t\t<div class=\"elementor-widget-wrap elementor-element-populated\">\n\t\t\t\t\t\t<div class=\"elementor-element elementor-element-efb6975 elementor-widget elementor-widget-heading\" data-id=\"efb6975\" data-element_type=\"widget\" data-widget_type=\"heading.default\">\n\t\t\t\t<div class=\"elementor-widget-container\">\n\t\t\t<h2 class=\"elementor-heading-title elementor-size-default\">Service d'\u00e9chantillonnage<\/h2>\t\t<\/div>\n\t\t\t\t<\/div>\n\t\t\t\t<div class=\"elementor-element elementor-element-abf6e4c elementor-widget elementor-widget-text-editor\" data-id=\"abf6e4c\" data-element_type=\"widget\" data-widget_type=\"text-editor.default\">\n\t\t\t\t<div class=\"elementor-widget-container\">\n\t\t\t\t\t\t\t<p>ECSA Chemicals offre \u00e0 ses clients un service d&rsquo;\u00e9chantillonnage de certains produits, afin de permettre d\u2019en tester la qualit\u00e9 et les caract\u00e9ristiques avant l\u2019achat.<\/p>\n<p>Les produits en \u00e9chantillon sont fournis avec leur documentation et dans des quantit\u00e9s pouvant \u00eatre personnalis\u00e9es sur mesure.<\/p>\n\t\t\t\t\t\t<\/div>\n\t\t\t\t<\/div>\n\t\t\t\t<div class=\"elementor-element elementor-element-994de82 elementor-widget elementor-widget-spacer\" data-id=\"994de82\" data-element_type=\"widget\" data-widget_type=\"spacer.default\">\n\t\t\t\t<div class=\"elementor-widget-container\">\n\t\t\t\t\t<div class=\"elementor-spacer\">\n\t\t\t<div class=\"elementor-spacer-inner\"><\/div>\n\t\t<\/div>\n\t\t\t\t<\/div>\n\t\t\t\t<\/div>\n\t\t\t\t\t<\/div>\n\t\t<\/div>\n\t\t\t\t\t<\/div>\n\t\t<\/section>\n\t\t\t\t\t<\/div>\n\t\t<\/div>\n\t\t\t\t\t<\/div>\n\t\t<\/section>\n\t\t\t\t<\/div>\n\t\t","protected":false},"excerpt":{"rendered":"Avec 3 d\u00e9p\u00f4ts dans les \u00ab&nbsp;r\u00e8gles de l\u2019art&nbsp;\u00bb sur l\u2019axe Nord-Sud (Flawil, Balerna et Desio) et sa propre","protected":false},"author":1,"featured_media":76592,"parent":61104,"menu_order":0,"comment_status":"closed","ping_status":"closed","template":"","meta":{"_acf_changed":false,"footnotes":""},"class_list":["post-61110","page","type-page","status-publish","has-post-thumbnail","hentry"],"acf":[],"yoast_head":"<!-- This site is optimized with the Yoast SEO Premium plugin v25.3.1 (Yoast SEO v25.3.1) - https:\/\/yoast.com\/wordpress\/plugins\/seo\/ -->\n<title>Infrastructures, logistique et services - ECSA Chemicals<\/title>\n<meta name=\"description\" content=\"Trois d\u00e9p\u00f4ts et un r\u00e9seau logistique capillaire garantissent flexibilit\u00e9 et ponctualit\u00e9 dans la distribution des produits chimiques dans toute la Suisse et en Europe\" \/>\n<meta name=\"robots\" content=\"index, follow, max-snippet:-1, max-image-preview:large, max-video-preview:-1\" \/>\n<link rel=\"canonical\" href=\"https:\/\/ecsa-chemicals.ch\/fr\/qui-sommes-nous\/infrastructures-logistique-et-services\/\" \/>\n<meta property=\"og:locale\" content=\"fr_FR\" \/>\n<meta property=\"og:type\" content=\"article\" \/>\n<meta property=\"og:title\" content=\"Infrastructures, logistique et services\" \/>\n<meta property=\"og:description\" content=\"Trois d\u00e9p\u00f4ts et un r\u00e9seau logistique capillaire garantissent flexibilit\u00e9 et ponctualit\u00e9 dans la distribution des produits chimiques dans toute la Suisse et en Europe\" \/>\n<meta property=\"og:url\" content=\"https:\/\/ecsa-chemicals.ch\/fr\/qui-sommes-nous\/infrastructures-logistique-et-services\/\" \/>\n<meta property=\"og:site_name\" content=\"ECSA Chemicals\" \/>\n<meta property=\"article:modified_time\" content=\"2020-12-01T10:33:49+00:00\" \/>\n<meta property=\"og:image\" content=\"https:\/\/ecsa-chemicals.ch\/wp-content\/uploads\/2020\/12\/Infrastrutture_20201201-1.jpg\" \/>\n\t<meta property=\"og:image:width\" content=\"1920\" \/>\n\t<meta property=\"og:image:height\" content=\"1080\" \/>\n\t<meta property=\"og:image:type\" content=\"image\/jpeg\" \/>\n<meta name=\"twitter:card\" content=\"summary_large_image\" \/>\n<meta name=\"twitter:label1\" content=\"Dur\u00e9e de lecture estim\u00e9e\" \/>\n\t<meta name=\"twitter:data1\" content=\"1 minute\" \/>\n<script type=\"application\/ld+json\" class=\"yoast-schema-graph\">{\"@context\":\"https:\/\/schema.org\",\"@graph\":[{\"@type\":\"WebPage\",\"@id\":\"https:\/\/ecsa-chemicals.ch\/fr\/qui-sommes-nous\/infrastructures-logistique-et-services\/\",\"url\":\"https:\/\/ecsa-chemicals.ch\/fr\/qui-sommes-nous\/infrastructures-logistique-et-services\/\",\"name\":\"Infrastructures, logistique et services - ECSA Chemicals\",\"isPartOf\":{\"@id\":\"https:\/\/ecsa-chemicals.ch\/fr\/#website\"},\"primaryImageOfPage\":{\"@id\":\"https:\/\/ecsa-chemicals.ch\/fr\/qui-sommes-nous\/infrastructures-logistique-et-services\/#primaryimage\"},\"image\":{\"@id\":\"https:\/\/ecsa-chemicals.ch\/fr\/qui-sommes-nous\/infrastructures-logistique-et-services\/#primaryimage\"},\"thumbnailUrl\":\"https:\/\/esycif8nzka.exactdn.com\/wp-content\/uploads\/2020\/12\/Infrastrutture_20201201-1.jpg?strip=all&lossy=1&ssl=1\",\"datePublished\":\"2020-07-06T09:48:49+00:00\",\"dateModified\":\"2020-12-01T10:33:49+00:00\",\"description\":\"Trois d\u00e9p\u00f4ts et un r\u00e9seau logistique capillaire garantissent flexibilit\u00e9 et ponctualit\u00e9 dans la distribution des produits chimiques dans toute la Suisse et en Europe\",\"breadcrumb\":{\"@id\":\"https:\/\/ecsa-chemicals.ch\/fr\/qui-sommes-nous\/infrastructures-logistique-et-services\/#breadcrumb\"},\"inLanguage\":\"fr-FR\",\"potentialAction\":[{\"@type\":\"ReadAction\",\"target\":[\"https:\/\/ecsa-chemicals.ch\/fr\/qui-sommes-nous\/infrastructures-logistique-et-services\/\"]}]},{\"@type\":\"ImageObject\",\"inLanguage\":\"fr-FR\",\"@id\":\"https:\/\/ecsa-chemicals.ch\/fr\/qui-sommes-nous\/infrastructures-logistique-et-services\/#primaryimage\",\"url\":\"https:\/\/esycif8nzka.exactdn.com\/wp-content\/uploads\/2020\/12\/Infrastrutture_20201201-1.jpg?strip=all&lossy=1&ssl=1\",\"contentUrl\":\"https:\/\/esycif8nzka.exactdn.com\/wp-content\/uploads\/2020\/12\/Infrastrutture_20201201-1.jpg?strip=all&lossy=1&ssl=1\",\"width\":1920,\"height\":1080},{\"@type\":\"BreadcrumbList\",\"@id\":\"https:\/\/ecsa-chemicals.ch\/fr\/qui-sommes-nous\/infrastructures-logistique-et-services\/#breadcrumb\",\"itemListElement\":[{\"@type\":\"ListItem\",\"position\":1,\"name\":\"Home\",\"item\":\"https:\/\/ecsa-chemicals.ch\/fr\/\"},{\"@type\":\"ListItem\",\"position\":2,\"name\":\"Qui sommes-nous\u00a0?\",\"item\":\"https:\/\/ecsa-chemicals.ch\/fr\/qui-sommes-nous\/\"},{\"@type\":\"ListItem\",\"position\":3,\"name\":\"Infrastructures, logistique et services\"}]},{\"@type\":\"WebSite\",\"@id\":\"https:\/\/ecsa-chemicals.ch\/fr\/#website\",\"url\":\"https:\/\/ecsa-chemicals.ch\/fr\/\",\"name\":\"ECSA Chemicals\",\"description\":\"ECSA Chemicals\",\"publisher\":{\"@id\":\"https:\/\/ecsa-chemicals.ch\/fr\/#organization\"},\"potentialAction\":[{\"@type\":\"SearchAction\",\"target\":{\"@type\":\"EntryPoint\",\"urlTemplate\":\"https:\/\/ecsa-chemicals.ch\/fr\/?s={search_term_string}\"},\"query-input\":{\"@type\":\"PropertyValueSpecification\",\"valueRequired\":true,\"valueName\":\"search_term_string\"}}],\"inLanguage\":\"fr-FR\"},{\"@type\":\"Organization\",\"@id\":\"https:\/\/ecsa-chemicals.ch\/fr\/#organization\",\"name\":\"ECSA Chemicals\",\"url\":\"https:\/\/ecsa-chemicals.ch\/fr\/\",\"logo\":{\"@type\":\"ImageObject\",\"inLanguage\":\"fr-FR\",\"@id\":\"https:\/\/ecsa-chemicals.ch\/fr\/#\/schema\/logo\/image\/\",\"url\":\"https:\/\/esycif8nzka.exactdn.com\/wp-content\/uploads\/2025\/02\/ecsa-chemicals-logo.jpg?strip=all&lossy=1&ssl=1\",\"contentUrl\":\"https:\/\/esycif8nzka.exactdn.com\/wp-content\/uploads\/2025\/02\/ecsa-chemicals-logo.jpg?strip=all&lossy=1&ssl=1\",\"width\":800,\"height\":800,\"caption\":\"ECSA Chemicals\"},\"image\":{\"@id\":\"https:\/\/ecsa-chemicals.ch\/fr\/#\/schema\/logo\/image\/\"}}]}<\/script>\n<!-- \/ Yoast SEO Premium plugin. -->","yoast_head_json":{"title":"Infrastructures, logistique et services - ECSA Chemicals","description":"Trois d\u00e9p\u00f4ts et un r\u00e9seau logistique capillaire garantissent flexibilit\u00e9 et ponctualit\u00e9 dans la distribution des produits chimiques dans toute la Suisse et en Europe","robots":{"index":"index","follow":"follow","max-snippet":"max-snippet:-1","max-image-preview":"max-image-preview:large","max-video-preview":"max-video-preview:-1"},"canonical":"https:\/\/ecsa-chemicals.ch\/fr\/qui-sommes-nous\/infrastructures-logistique-et-services\/","og_locale":"fr_FR","og_type":"article","og_title":"Infrastructures, logistique et services","og_description":"Trois d\u00e9p\u00f4ts et un r\u00e9seau logistique capillaire garantissent flexibilit\u00e9 et ponctualit\u00e9 dans la distribution des produits chimiques dans toute la Suisse et en Europe","og_url":"https:\/\/ecsa-chemicals.ch\/fr\/qui-sommes-nous\/infrastructures-logistique-et-services\/","og_site_name":"ECSA Chemicals","article_modified_time":"2020-12-01T10:33:49+00:00","og_image":[{"width":1920,"height":1080,"url":"https:\/\/ecsa-chemicals.ch\/wp-content\/uploads\/2020\/12\/Infrastrutture_20201201-1.jpg","type":"image\/jpeg"}],"twitter_card":"summary_large_image","twitter_misc":{"Dur\u00e9e de lecture estim\u00e9e":"1 minute"},"schema":{"@context":"https:\/\/schema.org","@graph":[{"@type":"WebPage","@id":"https:\/\/ecsa-chemicals.ch\/fr\/qui-sommes-nous\/infrastructures-logistique-et-services\/","url":"https:\/\/ecsa-chemicals.ch\/fr\/qui-sommes-nous\/infrastructures-logistique-et-services\/","name":"Infrastructures, logistique et services - ECSA Chemicals","isPartOf":{"@id":"https:\/\/ecsa-chemicals.ch\/fr\/#website"},"primaryImageOfPage":{"@id":"https:\/\/ecsa-chemicals.ch\/fr\/qui-sommes-nous\/infrastructures-logistique-et-services\/#primaryimage"},"image":{"@id":"https:\/\/ecsa-chemicals.ch\/fr\/qui-sommes-nous\/infrastructures-logistique-et-services\/#primaryimage"},"thumbnailUrl":"https:\/\/esycif8nzka.exactdn.com\/wp-content\/uploads\/2020\/12\/Infrastrutture_20201201-1.jpg?strip=all&lossy=1&ssl=1","datePublished":"2020-07-06T09:48:49+00:00","dateModified":"2020-12-01T10:33:49+00:00","description":"Trois d\u00e9p\u00f4ts et un r\u00e9seau logistique capillaire garantissent flexibilit\u00e9 et ponctualit\u00e9 dans la distribution des produits chimiques dans toute la Suisse et en Europe","breadcrumb":{"@id":"https:\/\/ecsa-chemicals.ch\/fr\/qui-sommes-nous\/infrastructures-logistique-et-services\/#breadcrumb"},"inLanguage":"fr-FR","potentialAction":[{"@type":"ReadAction","target":["https:\/\/ecsa-chemicals.ch\/fr\/qui-sommes-nous\/infrastructures-logistique-et-services\/"]}]},{"@type":"ImageObject","inLanguage":"fr-FR","@id":"https:\/\/ecsa-chemicals.ch\/fr\/qui-sommes-nous\/infrastructures-logistique-et-services\/#primaryimage","url":"https:\/\/esycif8nzka.exactdn.com\/wp-content\/uploads\/2020\/12\/Infrastrutture_20201201-1.jpg?strip=all&lossy=1&ssl=1","contentUrl":"https:\/\/esycif8nzka.exactdn.com\/wp-content\/uploads\/2020\/12\/Infrastrutture_20201201-1.jpg?strip=all&lossy=1&ssl=1","width":1920,"height":1080},{"@type":"BreadcrumbList","@id":"https:\/\/ecsa-chemicals.ch\/fr\/qui-sommes-nous\/infrastructures-logistique-et-services\/#breadcrumb","itemListElement":[{"@type":"ListItem","position":1,"name":"Home","item":"https:\/\/ecsa-chemicals.ch\/fr\/"},{"@type":"ListItem","position":2,"name":"Qui sommes-nous\u00a0?","item":"https:\/\/ecsa-chemicals.ch\/fr\/qui-sommes-nous\/"},{"@type":"ListItem","position":3,"name":"Infrastructures, logistique et services"}]},{"@type":"WebSite","@id":"https:\/\/ecsa-chemicals.ch\/fr\/#website","url":"https:\/\/ecsa-chemicals.ch\/fr\/","name":"ECSA Chemicals","description":"ECSA Chemicals","publisher":{"@id":"https:\/\/ecsa-chemicals.ch\/fr\/#organization"},"potentialAction":[{"@type":"SearchAction","target":{"@type":"EntryPoint","urlTemplate":"https:\/\/ecsa-chemicals.ch\/fr\/?s={search_term_string}"},"query-input":{"@type":"PropertyValueSpecification","valueRequired":true,"valueName":"search_term_string"}}],"inLanguage":"fr-FR"},{"@type":"Organization","@id":"https:\/\/ecsa-chemicals.ch\/fr\/#organization","name":"ECSA Chemicals","url":"https:\/\/ecsa-chemicals.ch\/fr\/","logo":{"@type":"ImageObject","inLanguage":"fr-FR","@id":"https:\/\/ecsa-chemicals.ch\/fr\/#\/schema\/logo\/image\/","url":"https:\/\/esycif8nzka.exactdn.com\/wp-content\/uploads\/2025\/02\/ecsa-chemicals-logo.jpg?strip=all&lossy=1&ssl=1","contentUrl":"https:\/\/esycif8nzka.exactdn.com\/wp-content\/uploads\/2025\/02\/ecsa-chemicals-logo.jpg?strip=all&lossy=1&ssl=1","width":800,"height":800,"caption":"ECSA Chemicals"},"image":{"@id":"https:\/\/ecsa-chemicals.ch\/fr\/#\/schema\/logo\/image\/"}}]}},"_links":{"self":[{"href":"https:\/\/ecsa-chemicals.ch\/fr\/wp-json\/wp\/v2\/pages\/61110","targetHints":{"allow":["GET"]}}],"collection":[{"href":"https:\/\/ecsa-chemicals.ch\/fr\/wp-json\/wp\/v2\/pages"}],"about":[{"href":"https:\/\/ecsa-chemicals.ch\/fr\/wp-json\/wp\/v2\/types\/page"}],"author":[{"embeddable":true,"href":"https:\/\/ecsa-chemicals.ch\/fr\/wp-json\/wp\/v2\/users\/1"}],"replies":[{"embeddable":true,"href":"https:\/\/ecsa-chemicals.ch\/fr\/wp-json\/wp\/v2\/comments?post=61110"}],"version-history":[{"count":0,"href":"https:\/\/ecsa-chemicals.ch\/fr\/wp-json\/wp\/v2\/pages\/61110\/revisions"}],"up":[{"embeddable":true,"href":"https:\/\/ecsa-chemicals.ch\/fr\/wp-json\/wp\/v2\/pages\/61104"}],"wp:featuredmedia":[{"embeddable":true,"href":"https:\/\/ecsa-chemicals.ch\/fr\/wp-json\/wp\/v2\/media\/76592"}],"wp:attachment":[{"href":"https:\/\/ecsa-chemicals.ch\/fr\/wp-json\/wp\/v2\/media?parent=61110"}],"curies":[{"name":"wp","href":"https:\/\/api.w.org\/{rel}","templated":true}]}}