{"id":61138,"date":"2020-07-06T11:49:58","date_gmt":"2020-07-06T09:49:58","guid":{"rendered":"https:\/\/ecsa-chemicals.ch\/politique-en-matiere-de-cookies\/"},"modified":"2024-09-02T15:04:37","modified_gmt":"2024-09-02T13:04:37","slug":"politique-en-matiere-de-cookies","status":"publish","type":"page","link":"https:\/\/ecsa-chemicals.ch\/fr\/pages-de-service\/politique-en-matiere-de-cookies\/","title":{"rendered":"Politique en mati\u00e8re de cookies"},"content":{"rendered":"\t\t<div data-elementor-type=\"wp-page\" data-elementor-id=\"61138\" class=\"elementor elementor-61138 elementor-48597\" data-elementor-post-type=\"page\">\n\t\t\t\t\t\t<section class=\"elementor-section elementor-top-section elementor-element elementor-element-6a67142 elementor-section-boxed elementor-section-height-default elementor-section-height-default\" data-id=\"6a67142\" data-element_type=\"section\">\n\t\t\t\t\t\t<div class=\"elementor-container elementor-column-gap-default\">\n\t\t\t\t\t<div class=\"elementor-column elementor-col-100 elementor-top-column elementor-element elementor-element-36b3979\" data-id=\"36b3979\" data-element_type=\"column\">\n\t\t\t<div class=\"elementor-widget-wrap elementor-element-populated\">\n\t\t\t\t\t\t<div class=\"elementor-element elementor-element-9c65818 elementor-widget elementor-widget-heading\" data-id=\"9c65818\" data-element_type=\"widget\" data-widget_type=\"heading.default\">\n\t\t\t\t<div class=\"elementor-widget-container\">\n\t\t\t<h2 class=\"elementor-heading-title elementor-size-default\">Politique en mati\u00e8re de cookies  du site web ECSA Chemicals AG \/ ECSA Italia s.r.l. <\/h2>\t\t<\/div>\n\t\t\t\t<\/div>\n\t\t\t\t<div class=\"elementor-element elementor-element-da39395 elementor-widget elementor-widget-html\" data-id=\"da39395\" data-element_type=\"widget\" data-widget_type=\"html.default\">\n\t\t\t\t<div class=\"elementor-widget-container\">\n\t\t\t<script id=\"CookieDeclaration\" src=\"https:\/\/consent.cookiebot.com\/c02a136c-5d51-45df-9ab5-c784531d1106\/cd.js\" type=\"text\/javascript\" async><\/script>\t\t<\/div>\n\t\t\t\t<\/div>\n\t\t\t\t\t<\/div>\n\t\t<\/div>\n\t\t\t\t\t<\/div>\n\t\t<\/section>\n\t\t\t\t<\/div>\n\t\t","protected":false},"excerpt":{"rendered":"Politique en mati\u00e8re de cookies du site web ECSA Chemicals AG \/ ECSA Italia s.r.l.","protected":false},"author":1,"featured_media":0,"parent":61144,"menu_order":0,"comment_status":"closed","ping_status":"closed","template":"","meta":{"_acf_changed":false,"footnotes":""},"class_list":["post-61138","page","type-page","status-publish","hentry"],"acf":[],"yoast_head":"<!-- This site is optimized with the Yoast SEO Premium plugin v25.3.1 (Yoast SEO v25.3.1) - https:\/\/yoast.com\/wordpress\/plugins\/seo\/ -->\n<title>Politique en mati\u00e8re de cookies - ECSA Chemicals<\/title>\n<meta name=\"description\" content=\"ECSA Chemicals est distributeur depuis 1913 de mati\u00e8res premi\u00e8res alimentaires, cosm\u00e9tiques, parfums et produits chimiques (acides et bases, solvants et r\u00e9actifs) en Suisse et dans l\u2019UE\" \/>\n<meta name=\"robots\" content=\"index, follow, max-snippet:-1, max-image-preview:large, max-video-preview:-1\" \/>\n<link rel=\"canonical\" href=\"https:\/\/ecsa-chemicals.ch\/fr\/pages-de-service\/politique-en-matiere-de-cookies\/\" \/>\n<meta property=\"og:locale\" content=\"fr_FR\" \/>\n<meta property=\"og:type\" content=\"article\" \/>\n<meta property=\"og:title\" content=\"Politique en mati\u00e8re de cookies\" \/>\n<meta property=\"og:description\" content=\"ECSA Chemicals est distributeur depuis 1913 de mati\u00e8res premi\u00e8res alimentaires, cosm\u00e9tiques, parfums et produits chimiques (acides et bases, solvants et r\u00e9actifs) en Suisse et dans l\u2019UE\" \/>\n<meta property=\"og:url\" content=\"https:\/\/ecsa-chemicals.ch\/fr\/pages-de-service\/politique-en-matiere-de-cookies\/\" \/>\n<meta property=\"og:site_name\" content=\"ECSA Chemicals\" \/>\n<meta property=\"article:modified_time\" content=\"2024-09-02T13:04:37+00:00\" \/>\n<meta name=\"twitter:card\" content=\"summary_large_image\" \/>\n<meta name=\"twitter:label1\" content=\"Dur\u00e9e de lecture estim\u00e9e\" \/>\n\t<meta name=\"twitter:data1\" content=\"9 minutes\" \/>\n<script type=\"application\/ld+json\" class=\"yoast-schema-graph\">{\"@context\":\"https:\/\/schema.org\",\"@graph\":[{\"@type\":\"WebPage\",\"@id\":\"https:\/\/ecsa-chemicals.ch\/fr\/pages-de-service\/politique-en-matiere-de-cookies\/\",\"url\":\"https:\/\/ecsa-chemicals.ch\/fr\/pages-de-service\/politique-en-matiere-de-cookies\/\",\"name\":\"Politique en mati\u00e8re de cookies - ECSA Chemicals\",\"isPartOf\":{\"@id\":\"https:\/\/ecsa-chemicals.ch\/fr\/#website\"},\"datePublished\":\"2020-07-06T09:49:58+00:00\",\"dateModified\":\"2024-09-02T13:04:37+00:00\",\"description\":\"ECSA Chemicals est distributeur depuis 1913 de mati\u00e8res premi\u00e8res alimentaires, cosm\u00e9tiques, parfums et produits chimiques (acides et bases, solvants et r\u00e9actifs) en Suisse et dans l\u2019UE\",\"breadcrumb\":{\"@id\":\"https:\/\/ecsa-chemicals.ch\/fr\/pages-de-service\/politique-en-matiere-de-cookies\/#breadcrumb\"},\"inLanguage\":\"fr-FR\",\"potentialAction\":[{\"@type\":\"ReadAction\",\"target\":[\"https:\/\/ecsa-chemicals.ch\/fr\/pages-de-service\/politique-en-matiere-de-cookies\/\"]}]},{\"@type\":\"BreadcrumbList\",\"@id\":\"https:\/\/ecsa-chemicals.ch\/fr\/pages-de-service\/politique-en-matiere-de-cookies\/#breadcrumb\",\"itemListElement\":[{\"@type\":\"ListItem\",\"position\":1,\"name\":\"Home\",\"item\":\"https:\/\/ecsa-chemicals.ch\/fr\/\"},{\"@type\":\"ListItem\",\"position\":2,\"name\":\"Pages de service\",\"item\":\"https:\/\/ecsa-chemicals.ch\/fr\/pages-de-service\/\"},{\"@type\":\"ListItem\",\"position\":3,\"name\":\"Politique en mati\u00e8re de cookies\"}]},{\"@type\":\"WebSite\",\"@id\":\"https:\/\/ecsa-chemicals.ch\/fr\/#website\",\"url\":\"https:\/\/ecsa-chemicals.ch\/fr\/\",\"name\":\"ECSA Chemicals\",\"description\":\"ECSA Chemicals\",\"publisher\":{\"@id\":\"https:\/\/ecsa-chemicals.ch\/fr\/#organization\"},\"potentialAction\":[{\"@type\":\"SearchAction\",\"target\":{\"@type\":\"EntryPoint\",\"urlTemplate\":\"https:\/\/ecsa-chemicals.ch\/fr\/?s={search_term_string}\"},\"query-input\":{\"@type\":\"PropertyValueSpecification\",\"valueRequired\":true,\"valueName\":\"search_term_string\"}}],\"inLanguage\":\"fr-FR\"},{\"@type\":\"Organization\",\"@id\":\"https:\/\/ecsa-chemicals.ch\/fr\/#organization\",\"name\":\"ECSA Chemicals\",\"url\":\"https:\/\/ecsa-chemicals.ch\/fr\/\",\"logo\":{\"@type\":\"ImageObject\",\"inLanguage\":\"fr-FR\",\"@id\":\"https:\/\/ecsa-chemicals.ch\/fr\/#\/schema\/logo\/image\/\",\"url\":\"https:\/\/esycif8nzka.exactdn.com\/wp-content\/uploads\/2025\/02\/ecsa-chemicals-logo.jpg?strip=all&lossy=1&ssl=1\",\"contentUrl\":\"https:\/\/esycif8nzka.exactdn.com\/wp-content\/uploads\/2025\/02\/ecsa-chemicals-logo.jpg?strip=all&lossy=1&ssl=1\",\"width\":800,\"height\":800,\"caption\":\"ECSA Chemicals\"},\"image\":{\"@id\":\"https:\/\/ecsa-chemicals.ch\/fr\/#\/schema\/logo\/image\/\"}}]}<\/script>\n<!-- \/ Yoast SEO Premium plugin. -->","yoast_head_json":{"title":"Politique en mati\u00e8re de cookies - ECSA Chemicals","description":"ECSA Chemicals est distributeur depuis 1913 de mati\u00e8res premi\u00e8res alimentaires, cosm\u00e9tiques, parfums et produits chimiques (acides et bases, solvants et r\u00e9actifs) en Suisse et dans l\u2019UE","robots":{"index":"index","follow":"follow","max-snippet":"max-snippet:-1","max-image-preview":"max-image-preview:large","max-video-preview":"max-video-preview:-1"},"canonical":"https:\/\/ecsa-chemicals.ch\/fr\/pages-de-service\/politique-en-matiere-de-cookies\/","og_locale":"fr_FR","og_type":"article","og_title":"Politique en mati\u00e8re de cookies","og_description":"ECSA Chemicals est distributeur depuis 1913 de mati\u00e8res premi\u00e8res alimentaires, cosm\u00e9tiques, parfums et produits chimiques (acides et bases, solvants et r\u00e9actifs) en Suisse et dans l\u2019UE","og_url":"https:\/\/ecsa-chemicals.ch\/fr\/pages-de-service\/politique-en-matiere-de-cookies\/","og_site_name":"ECSA Chemicals","article_modified_time":"2024-09-02T13:04:37+00:00","twitter_card":"summary_large_image","twitter_misc":{"Dur\u00e9e de lecture estim\u00e9e":"9 minutes"},"schema":{"@context":"https:\/\/schema.org","@graph":[{"@type":"WebPage","@id":"https:\/\/ecsa-chemicals.ch\/fr\/pages-de-service\/politique-en-matiere-de-cookies\/","url":"https:\/\/ecsa-chemicals.ch\/fr\/pages-de-service\/politique-en-matiere-de-cookies\/","name":"Politique en mati\u00e8re de cookies - ECSA Chemicals","isPartOf":{"@id":"https:\/\/ecsa-chemicals.ch\/fr\/#website"},"datePublished":"2020-07-06T09:49:58+00:00","dateModified":"2024-09-02T13:04:37+00:00","description":"ECSA Chemicals est distributeur depuis 1913 de mati\u00e8res premi\u00e8res alimentaires, cosm\u00e9tiques, parfums et produits chimiques (acides et bases, solvants et r\u00e9actifs) en Suisse et dans l\u2019UE","breadcrumb":{"@id":"https:\/\/ecsa-chemicals.ch\/fr\/pages-de-service\/politique-en-matiere-de-cookies\/#breadcrumb"},"inLanguage":"fr-FR","potentialAction":[{"@type":"ReadAction","target":["https:\/\/ecsa-chemicals.ch\/fr\/pages-de-service\/politique-en-matiere-de-cookies\/"]}]},{"@type":"BreadcrumbList","@id":"https:\/\/ecsa-chemicals.ch\/fr\/pages-de-service\/politique-en-matiere-de-cookies\/#breadcrumb","itemListElement":[{"@type":"ListItem","position":1,"name":"Home","item":"https:\/\/ecsa-chemicals.ch\/fr\/"},{"@type":"ListItem","position":2,"name":"Pages de service","item":"https:\/\/ecsa-chemicals.ch\/fr\/pages-de-service\/"},{"@type":"ListItem","position":3,"name":"Politique en mati\u00e8re de cookies"}]},{"@type":"WebSite","@id":"https:\/\/ecsa-chemicals.ch\/fr\/#website","url":"https:\/\/ecsa-chemicals.ch\/fr\/","name":"ECSA Chemicals","description":"ECSA Chemicals","publisher":{"@id":"https:\/\/ecsa-chemicals.ch\/fr\/#organization"},"potentialAction":[{"@type":"SearchAction","target":{"@type":"EntryPoint","urlTemplate":"https:\/\/ecsa-chemicals.ch\/fr\/?s={search_term_string}"},"query-input":{"@type":"PropertyValueSpecification","valueRequired":true,"valueName":"search_term_string"}}],"inLanguage":"fr-FR"},{"@type":"Organization","@id":"https:\/\/ecsa-chemicals.ch\/fr\/#organization","name":"ECSA Chemicals","url":"https:\/\/ecsa-chemicals.ch\/fr\/","logo":{"@type":"ImageObject","inLanguage":"fr-FR","@id":"https:\/\/ecsa-chemicals.ch\/fr\/#\/schema\/logo\/image\/","url":"https:\/\/esycif8nzka.exactdn.com\/wp-content\/uploads\/2025\/02\/ecsa-chemicals-logo.jpg?strip=all&lossy=1&ssl=1","contentUrl":"https:\/\/esycif8nzka.exactdn.com\/wp-content\/uploads\/2025\/02\/ecsa-chemicals-logo.jpg?strip=all&lossy=1&ssl=1","width":800,"height":800,"caption":"ECSA Chemicals"},"image":{"@id":"https:\/\/ecsa-chemicals.ch\/fr\/#\/schema\/logo\/image\/"}}]}},"_links":{"self":[{"href":"https:\/\/ecsa-chemicals.ch\/fr\/wp-json\/wp\/v2\/pages\/61138","targetHints":{"allow":["GET"]}}],"collection":[{"href":"https:\/\/ecsa-chemicals.ch\/fr\/wp-json\/wp\/v2\/pages"}],"about":[{"href":"https:\/\/ecsa-chemicals.ch\/fr\/wp-json\/wp\/v2\/types\/page"}],"author":[{"embeddable":true,"href":"https:\/\/ecsa-chemicals.ch\/fr\/wp-json\/wp\/v2\/users\/1"}],"replies":[{"embeddable":true,"href":"https:\/\/ecsa-chemicals.ch\/fr\/wp-json\/wp\/v2\/comments?post=61138"}],"version-history":[{"count":0,"href":"https:\/\/ecsa-chemicals.ch\/fr\/wp-json\/wp\/v2\/pages\/61138\/revisions"}],"up":[{"embeddable":true,"href":"https:\/\/ecsa-chemicals.ch\/fr\/wp-json\/wp\/v2\/pages\/61144"}],"wp:attachment":[{"href":"https:\/\/ecsa-chemicals.ch\/fr\/wp-json\/wp\/v2\/media?parent=61138"}],"curies":[{"name":"wp","href":"https:\/\/api.w.org\/{rel}","templated":true}]}}